{"id":3,"date":"2023-11-01T15:49:46","date_gmt":"2023-11-01T15:49:46","guid":{"rendered":"https:\/\/dunnsfamous.com\/?page_id=3"},"modified":"2025-02-05T14:55:33","modified_gmt":"2025-02-05T14:55:33","slug":"privacy-policy","status":"publish","type":"page","link":"https:\/\/dunnsfamous.com\/fr\/privacy-policy\/","title":{"rendered":"Politique de confidentialit\u00e9"},"content":{"rendered":"<div data-elementor-type=\"wp-page\" data-elementor-id=\"3\" class=\"elementor elementor-3\" data-elementor-post-type=\"page\">\n\t\t\t\t\t\t<section class=\"elementor-section elementor-top-section elementor-element elementor-element-aca7d15 elementor-section-boxed elementor-section-height-default elementor-section-height-default\" data-id=\"aca7d15\" data-element_type=\"section\" data-e-type=\"section\" data-settings=\"{&quot;background_background&quot;:&quot;classic&quot;}\">\n\t\t\t\t\t\t<div class=\"elementor-container elementor-column-gap-no\">\n\t\t\t\t\t<div class=\"elementor-column elementor-col-100 elementor-top-column elementor-element elementor-element-c62b525\" data-id=\"c62b525\" data-element_type=\"column\" data-e-type=\"column\">\n\t\t\t<div class=\"elementor-widget-wrap elementor-element-populated\">\n\t\t\t\t\t\t<section class=\"elementor-section elementor-inner-section elementor-element elementor-element-48cd4c4 elementor-section-content-top elementor-section-boxed elementor-section-height-default elementor-section-height-default\" data-id=\"48cd4c4\" data-element_type=\"section\" data-e-type=\"section\">\n\t\t\t\t\t\t<div class=\"elementor-container elementor-column-gap-default\">\n\t\t\t\t\t<div class=\"elementor-column elementor-col-100 elementor-inner-column elementor-element elementor-element-881fb60\" data-id=\"881fb60\" data-element_type=\"column\" data-e-type=\"column\">\n\t\t\t<div class=\"elementor-widget-wrap elementor-element-populated\">\n\t\t\t\t\t\t<div class=\"elementor-element elementor-element-71dccd7 font-Headliner elementor-invisible elementor-widget elementor-widget-heading\" data-id=\"71dccd7\" data-element_type=\"widget\" data-e-type=\"widget\" data-settings=\"{&quot;_animation&quot;:&quot;fadeInUp&quot;,&quot;_animation_delay&quot;:400}\" data-widget_type=\"heading.default\">\n\t\t\t\t<div class=\"elementor-widget-container\">\n\t\t\t\t\t<h2 class=\"elementor-heading-title elementor-size-default\">Politique de confidentialit\u00e9<\/h2>\t\t\t\t<\/div>\n\t\t\t\t<\/div>\n\t\t\t\t<div class=\"elementor-element elementor-element-d33676c elementor-widget elementor-widget-text-editor\" data-id=\"d33676c\" data-element_type=\"widget\" data-e-type=\"widget\" data-widget_type=\"text-editor.default\">\n\t\t\t\t<div class=\"elementor-widget-container\">\n\t\t\t\t\t\t\t\t\t<p>Nous chez Dunn\u2019s Famous (l\u2019 \"Entreprise\" \"nous\" ou \"notre\" dans la pr\u00e9sente politique de confidentialit\u00e9) exploitant du site Web \u00e0\u00a0<a class=\"website_domain\" href=\"https:\/\/dunnsfamous.com\/fr\/\">https:\/\/dunnsfamous.com<\/a>\u00a0(le \"Site\") comprenons l\u2019importance de la confidentialit\u00e9 des utilisateurs du Site et plus particuli\u00e8rement de la protection de leurs renseignements personnels. Nous avons donc mis en place la pr\u00e9sente politique de confidentialit\u00e9 conform\u00e9ment \u00e0 la Loi canadienne sur la protection des renseignements personnels et les documents \u00e9lectroniques (\"LPRPDE\") ainsi qu\u2019\u00e0 la Loi canadienne anti-pourriel afin de vous informer pleinement de nos pratiques en mati\u00e8re de confidentialit\u00e9 et de vous permettre de nous contacter pour toute pr\u00e9occupation question ou correction concernant vos renseignements personnels en notre possession.<\/p>\n<p><strong>1. Responsabilit\u00e9<\/strong><\/p>\n<p>L\u2019Entreprise a mis en place cette politique de confidentialit\u00e9 afin d\u2019assurer sa conformit\u00e9 aux exigences de la LPRPDE et de la Loi canadienne anti-pourriel. Si vous avez des questions concernant cette politique ou des pr\u00e9occupations quant au respect de ces exigences par l\u2019Entreprise vous pouvez nous contacter.<\/p>\n<p><strong>2. D\u00e9termination des fins de la collecte<\/strong><\/p>\n<p>Nous recueillons divers renseignements personnels lorsque vous sollicitez nos produits ou services effectuez une r\u00e9servation en ligne vous inscrivez \u00e0 notre infolettre VIP ou soumettez une demande via le Site. Les renseignements collect\u00e9s peuvent inclure votre :<\/p>\n<ul>\n<li>\u2013 Nom complet<\/li>\n<li>\u2013 Nom de l\u2019entreprise<\/li>\n<li>\u2013 Adresse(s)<\/li>\n<li>\u2013 Num\u00e9ro(s) de t\u00e9l\u00e9phone et de t\u00e9l\u00e9copieur<\/li>\n<li>\u2013 Adresse(s) courriel<\/li>\n<li>\u2013 Genre<\/li>\n<li>\u2013 Int\u00e9r\u00eat(s)<\/li>\n<\/ul>\n<p>Nous recueillons ces renseignements afin de nous permettre de :<\/p>\n<ul>\n<li>\u2013 V\u00e9rifier votre identit\u00e9<\/li>\n<li>\u2013 Nous permettre de vous contacter afin de fournir les biens et services que vous avez demand\u00e9s<\/li>\n<li>\u2013 Vous fournir des mises \u00e0 jour p\u00e9riodiques sur le Site ainsi que sur nos produits et services<\/li>\n<\/ul>\n<p>Nous pouvons \u00e9galement utiliser ces renseignements pour \u00e9tablir un profil de vos int\u00e9r\u00eats en lien avec le Site ou l\u2019Entreprise afin de pouvoir vous sugg\u00e9rer ou vous offrir des produits ou services susceptibles de vous int\u00e9resser \u00e0 l\u2019avenir.<\/p>\n<p>Nous ne recueillons que les renseignements dont nous avons raisonnablement besoin pour atteindre ces objectifs.<\/p>\n<p>De plus le Site recueille automatiquement certains renseignements chaque fois que vous le visitez :<\/p>\n<p><strong>a) T\u00e9moins (cookies)<\/strong><\/p>\n<p>Un t\u00e9moin (cookie) est un petit fichier non ex\u00e9cutable stock\u00e9 sur votre disque dur afin d\u2019identifier votre ordinateur. Bien qu\u2019il soit possible de naviguer sur le Site et d\u2019y acheter des produits ou services avec les param\u00e8tres de s\u00e9curit\u00e9 de votre navigateur configur\u00e9s pour bloquer les t\u00e9moins votre exp\u00e9rience en ligne pourrait en \u00eatre grandement affect\u00e9e.<\/p>\n<p>L\u2019Entreprise utilise \u00e0 la fois des t\u00e9moins de session et des t\u00e9moins permanents sur le Site uniquement apr\u00e8s que vous avez cr\u00e9\u00e9 un compte utilisateur sur la plateforme. Les t\u00e9moins de session sont actifs uniquement pendant la dur\u00e9e de votre connexion au Site et sont supprim\u00e9s lorsque vous le quittez.<\/p>\n<p>Les t\u00e9moins permanents restent sur votre disque dur jusqu\u2019\u00e0 ce que vous les supprimiez via les param\u00e8tres de s\u00e9curit\u00e9 de votre navigateur. Ils servent \u00e0 stocker les informations de connexion et les pr\u00e9f\u00e9rences de l\u2019utilisateur afin d\u2019\u00e9viter d\u2019avoir \u00e0 saisir les m\u00eames donn\u00e9es \u00e0 chaque visite.<\/p>\n<p><strong>b) Balises de conversion<\/strong><\/p>\n<p>L\u2019Entreprise utilise \u00e9galement des balises de conversion (courts extraits de code HTML) ins\u00e9r\u00e9es dans le code source de certaines pages du site Web. Ces balises, utilis\u00e9es avec la technologie standard des t\u00e9moins de navigation et le codage HTML classique, nous permettent d\u2019analyser le trafic sur le Site ainsi que les interactions par courriel entre vous et nous. Les destinataires de courriels contenant une balise de conversion recevront un petit t\u00e9moin unique stock\u00e9 dans leur session de navigation, lequel sera ensuite utilis\u00e9 pour associer le destinataire du courriel \u00e0 son activit\u00e9 ult\u00e9rieure sur le Site.<\/p>\n<p><strong>Consentement et MSC (Messages \u00e9lectroniques commerciaux)<\/strong><\/p>\n<p>Lorsque vous achetez un produit ou un service sur le Site ou par son interm\u00e9diaire ou que vous fournissez des renseignements \u00e0 notre demande votre action constitue un consentement \u00e0 la collecte et \u00e0 l\u2019utilisation de ces renseignements conform\u00e9ment \u00e0 la pr\u00e9sente politique de confidentialit\u00e9 et \u00e0 la Loi canadienne anti-pourriel.<\/p>\n<p>Le consentement expr\u00e8s est obtenu lorsque vous activez explicitement la case d\u2019option pour nous accorder la permission explicite de vous envoyer des messages \u00e9lectroniques commerciaux (\"MSC\").<\/p>\n<p>Le consentement tacite est obtenu lorsque vous avez achet\u00e9 nos biens ou services et avez fourni votre adresse courriel par le biais d\u2019une r\u00e9servation d\u2019un formulaire de commentaires d\u2019un coupon ou de toute autre m\u00e9thode.<\/p>\n<p>Conform\u00e9ment aux exigences de la Loi canadienne anti-pourriel nous pouvons vous envoyer des MSC pendant trois ans \u00e0 compter de la date d\u2019achat de nos biens et services si vos renseignements ont \u00e9t\u00e9 recueillis avant le 1er juillet 2014 et pendant deux ans si vos renseignements ont \u00e9t\u00e9 recueillis apr\u00e8s cette date. Par la suite vous devrez nous fournir un consentement expr\u00e8s pour continuer \u00e0 recevoir nos MSC.<\/p>\n<p>Les communications par courriel sont envoy\u00e9es \u00e0 partir d\u2019un logiciel fourni par TouchBistro Inc. Tous les courriels incluent le nom de l\u2019Entreprise ses coordonn\u00e9es ainsi qu\u2019un m\u00e9canisme permettant au destinataire de se d\u00e9sinscrire sans frais conform\u00e9ment aux exigences de la Loi canadienne anti-pourriel.<\/p>\n<p>Veuillez noter que si vous ne souhaitez plus recevoir de courriels de notre part vous pouvez vous d\u00e9sinscrire automatiquement en cliquant sur le lien de d\u00e9sabonnement figurant dans le courriel que vous avez re\u00e7u de notre Entreprise.<\/p>\n<p>Vous pouvez \u00e9galement refuser certaines autres utilisations de vos donn\u00e9es en nous contactant.<\/p>\n<p><strong>3. Limitation de la collecte<\/strong><\/p>\n<p>L\u2019Entreprise limitera la collecte de renseignements personnels \u00e0 ce qui est raisonnablement n\u00e9cessaire pour atteindre l\u2019objectif pour lequel ils ont \u00e9t\u00e9 recueillis.<\/p>\n<p>Les donn\u00e9es de recherche et de sondage sont communiqu\u00e9es \u00e0 l\u2019Entreprise sous forme de donn\u00e9es agr\u00e9g\u00e9es sans r\u00e9f\u00e9rence aux clients individuels.<\/p>\n<p>Les clients qui ne souhaitent pas \u00eatre contact\u00e9s \u00e0 des fins de recherche ou de sondage doivent nous en informer.<\/p>\n<p><strong>4. Limitation de l\u2019utilisation de la divulgation et de la conservation<\/strong><\/p>\n<p>Nous n\u2019utiliserons ni ne divulguerons vos renseignements personnels \u00e0 des fins autres que celles pour lesquelles ils ont \u00e9t\u00e9 recueillis sans votre consentement ou sauf si la loi le permet ou l\u2019exige.<\/p>\n<p>Cependant nous faisons appel \u00e0 des tiers pour traiter certaines demandes \u00e9lectroniques comme les r\u00e9servations les inscriptions \u00e0 l\u2019infolettre ainsi que d\u2019autres widgets tiers et vos renseignements personnels peuvent donc leur \u00eatre transmis \u00e0 ces fins. Si vos renseignements personnels doivent \u00eatre transmis \u00e0 une autre partie pour traitement ou stockage nous utilisons des moyens contractuels et autres afin d\u2019assurer leur protection conform\u00e9ment \u00e0 la LPRPDE.<\/p>\n<p>Vos donn\u00e9es utilisateur seront stock\u00e9es par TouchBistro Inc. une soci\u00e9t\u00e9 ontarienne. La politique de s\u00e9curit\u00e9 de TouchBistro est disponible \u00e0\u00a0<a href=\"https:\/\/www.touchbistro.com\/privacy-notice\/\" target=\"_blank\" rel=\"noopener\">www.touchbistro.com\/privacy-notice<\/a>.<\/p>\n<p>Vos renseignements personnels sont conserv\u00e9s uniquement pendant la dur\u00e9e n\u00e9cessaire pour atteindre les objectifs pour lesquels ils ont \u00e9t\u00e9 recueillis \u00e0 moins qu\u2019une p\u00e9riode de conservation plus longue ne soit exig\u00e9e par la loi.<\/p>\n<p><strong>5. Exactitude<\/strong><\/p>\n<p>Afin de garantir la plus grande exactitude possible de vos renseignements personnels nous vous permettons dans la mesure du possible de les saisir vous-m\u00eame dans nos syst\u00e8mes. Cependant dans certains cas nous devons saisir ces renseignements nous-m\u00eames par exemple lors d\u2019une conversation t\u00e9l\u00e9phonique ou par tout autre moyen de communication fourni par vous ou autrement.<\/p>\n<p><strong>6. Mesures de protection<\/strong><\/p>\n<p>Tant qu\u2019ils sont en notre possession ou en celle de toute entit\u00e9 mandat\u00e9e pour les h\u00e9berger ou les stocker et quel que soit leur format vos renseignements personnels sont prot\u00e9g\u00e9s contre le vol la perte et\/ou l\u2019acc\u00e8s la divulgation la copie l\u2019utilisation ou la modification non autoris\u00e9s par des mesures de s\u00e9curit\u00e9 adapt\u00e9es \u00e0 la sensibilit\u00e9 des informations.<\/p>\n<p>Certains renseignements personnels que vous saisissez dans nos syst\u00e8mes peuvent \u00eatre chiffr\u00e9s lorsqu\u2019ils transitent sur Internet. Selon votre navigateur Web vous pourriez voir un indicateur de page s\u00e9curis\u00e9e comme un cadenas ferm\u00e9 dans le coin inf\u00e9rieur droit de votre navigateur. Nous pouvons utiliser le protocole Secure Socket Layer (SSL) pour chiffrer certains renseignements personnels lorsqu\u2019ils sont transmis de votre ordinateur \u00e0 nos syst\u00e8mes.<\/p>\n<p><strong>7. Transparence<\/strong><\/p>\n<p>Les pratiques de confidentialit\u00e9 de l\u2019Entreprise sont d\u00e9crites dans la pr\u00e9sente politique. Si vous avez des questions ou des commentaires veuillez nous contacter.<\/p>\n<p><strong>8. Acc\u00e8s individuel<\/strong><\/p>\n<p>Sous r\u00e9serve de certaines exceptions pr\u00e9vues par la LPRPDE vous avez le droit d\u2019acc\u00e9der \u00e0 vos renseignements personnels d\u00e9tenus par l\u2019Entreprise. Vous pouvez y acc\u00e9der en nous contactant.<\/p>\n<p><strong>9. Contester la conformit\u00e9<\/strong><\/p>\n<p>Si vous avez des pr\u00e9occupations concernant la conformit\u00e9 de l\u2019Entreprise aux 10 principes de la LPRPDE ou \u00e0 la Loi canadienne anti-pourriel vous pouvez nous en faire part. Les plaintes relatives \u00e0 la conformit\u00e9 de l\u2019Entreprise \u00e0 la LPRPDE sont prises au s\u00e9rieux et font l\u2019objet d\u2019une enqu\u00eate.<\/p>\n<p><strong>Modifications \u00e0 la politique de confidentialit\u00e9<\/strong><\/p>\n<p>L\u2019Entreprise se r\u00e9serve le droit de modifier cette d\u00e9claration de confidentialit\u00e9 \u00e0 tout moment veuillez donc la consulter r\u00e9guli\u00e8rement. Si des modifications importantes sont apport\u00e9es \u00e0 cette politique nous vous en informerons sur notre page d\u2019accueil et \u00e0 d\u2019autres endroits jug\u00e9s appropri\u00e9s afin que vous soyez au courant des renseignements que nous recueillons de leur utilisation et des circonstances dans lesquelles ils pourraient \u00eatre divulgu\u00e9s le cas \u00e9ch\u00e9ant.<\/p>\t\t\t\t\t\t\t\t<\/div>\n\t\t\t\t<\/div>\n\t\t\t\t\t<\/div>\n\t\t<\/div>\n\t\t\t\t\t<\/div>\n\t\t<\/section>\n\t\t\t\t\t<\/div>\n\t\t<\/div>\n\t\t\t\t\t<\/div>\n\t\t<\/section>\n\t\t\t\t<\/div>","protected":false},"excerpt":{"rendered":"<p>Privacy Policy We at Dunn&#8217;s Famous (the &#8220;Business&#8221; &#8220;we&#8221; or &#8220;us&#8221; in this Privacy Policy), operator of the web site at\u00a0https:\/\/dunnsfamous.com\u00a0(the &#8220;Site&#8221;), understand the importance of the privacy of users of the Site, and in particular of protecting their personal &hellip;<\/p>","protected":false},"author":12,"featured_media":0,"parent":0,"menu_order":0,"comment_status":"closed","ping_status":"open","template":"","meta":{"_acf_changed":false,"_monsterinsights_skip_tracking":false,"_monsterinsights_sitenote_active":false,"_monsterinsights_sitenote_note":"","_monsterinsights_sitenote_category":0,"footnotes":""},"class_list":["post-3","page","type-page","status-publish","hentry"],"acf":[],"yoast_head":"<!-- This site is optimized with the Yoast SEO plugin v27.4 - https:\/\/yoast.com\/product\/yoast-seo-wordpress\/ -->\n<title>Privacy Policy | Dunn\u2019s Famous<\/title>\n<meta name=\"description\" content=\"Learn how Dunn\u2019s Famous collects, uses, and protects your personal information when visiting our website or ordering online.\" \/>\n<meta name=\"robots\" content=\"index, follow, max-snippet:-1, max-image-preview:large, max-video-preview:-1\" \/>\n<link rel=\"canonical\" href=\"https:\/\/dunnsfamous.com\/fr\/privacy-policy\/\" \/>\n<meta property=\"og:locale\" content=\"fr_CA\" \/>\n<meta property=\"og:type\" content=\"article\" \/>\n<meta property=\"og:title\" content=\"Privacy Policy | Dunn\u2019s Famous\" \/>\n<meta property=\"og:description\" content=\"Learn how Dunn\u2019s Famous collects, uses, and protects your personal information when visiting our website or ordering online.\" \/>\n<meta property=\"og:url\" content=\"https:\/\/dunnsfamous.com\/fr\/privacy-policy\/\" \/>\n<meta property=\"og:site_name\" content=\"Dunns famous\" \/>\n<meta property=\"article:publisher\" content=\"https:\/\/www.facebook.com\/dunnsfamous\" \/>\n<meta property=\"article:modified_time\" content=\"2025-02-05T14:55:33+00:00\" \/>\n<meta name=\"twitter:card\" content=\"summary_large_image\" \/>\n<meta name=\"twitter:label1\" content=\"Estimation du temps de lecture\" \/>\n\t<meta name=\"twitter:data1\" content=\"6 minutes\" \/>\n<script type=\"application\/ld+json\" class=\"yoast-schema-graph\">{\"@context\":\"https:\\\/\\\/schema.org\",\"@graph\":[{\"@type\":\"WebPage\",\"@id\":\"https:\\\/\\\/dunnsfamous.com\\\/privacy-policy\\\/\",\"url\":\"https:\\\/\\\/dunnsfamous.com\\\/privacy-policy\\\/\",\"name\":\"Privacy Policy | Dunn\u2019s Famous\",\"isPartOf\":{\"@id\":\"https:\\\/\\\/dunnsfamous.com\\\/#website\"},\"datePublished\":\"2023-11-01T15:49:46+00:00\",\"dateModified\":\"2025-02-05T14:55:33+00:00\",\"description\":\"Learn how Dunn\u2019s Famous collects, uses, and protects your personal information when visiting our website or ordering online.\",\"breadcrumb\":{\"@id\":\"https:\\\/\\\/dunnsfamous.com\\\/privacy-policy\\\/#breadcrumb\"},\"inLanguage\":\"fr-CA\",\"potentialAction\":[{\"@type\":\"ReadAction\",\"target\":[\"https:\\\/\\\/dunnsfamous.com\\\/privacy-policy\\\/\"]}]},{\"@type\":\"BreadcrumbList\",\"@id\":\"https:\\\/\\\/dunnsfamous.com\\\/privacy-policy\\\/#breadcrumb\",\"itemListElement\":[{\"@type\":\"ListItem\",\"position\":1,\"name\":\"Home\",\"item\":\"https:\\\/\\\/dunnsfamous.com\\\/\"},{\"@type\":\"ListItem\",\"position\":2,\"name\":\"Privacy Policy\"}]},{\"@type\":\"WebSite\",\"@id\":\"https:\\\/\\\/dunnsfamous.com\\\/#website\",\"url\":\"https:\\\/\\\/dunnsfamous.com\\\/\",\"name\":\"Dunn's Famous\",\"description\":\"\",\"publisher\":{\"@id\":\"https:\\\/\\\/dunnsfamous.com\\\/#organization\"},\"potentialAction\":[{\"@type\":\"SearchAction\",\"target\":{\"@type\":\"EntryPoint\",\"urlTemplate\":\"https:\\\/\\\/dunnsfamous.com\\\/?s={search_term_string}\"},\"query-input\":{\"@type\":\"PropertyValueSpecification\",\"valueRequired\":true,\"valueName\":\"search_term_string\"}}],\"inLanguage\":\"fr-CA\"},{\"@type\":\"Organization\",\"@id\":\"https:\\\/\\\/dunnsfamous.com\\\/#organization\",\"name\":\"Dunn's Famous\",\"url\":\"https:\\\/\\\/dunnsfamous.com\\\/\",\"logo\":{\"@type\":\"ImageObject\",\"inLanguage\":\"fr-CA\",\"@id\":\"https:\\\/\\\/dunnsfamous.com\\\/#\\\/schema\\\/logo\\\/image\\\/\",\"url\":\"https:\\\/\\\/dunnsfamous.com\\\/wp-content\\\/uploads\\\/2023\\\/11\\\/Dunn_s_Logo_Black.svg\",\"contentUrl\":\"https:\\\/\\\/dunnsfamous.com\\\/wp-content\\\/uploads\\\/2023\\\/11\\\/Dunn_s_Logo_Black.svg\",\"width\":579,\"height\":308,\"caption\":\"Dunn's Famous\"},\"image\":{\"@id\":\"https:\\\/\\\/dunnsfamous.com\\\/#\\\/schema\\\/logo\\\/image\\\/\"},\"sameAs\":[\"https:\\\/\\\/www.facebook.com\\\/dunnsfamous\",\"https:\\\/\\\/www.tiktok.com\\\/@dunnsfamous\",\"https:\\\/\\\/g.co\\\/kgs\\\/edXhQPe\",\"https:\\\/\\\/www.yelp.com\\\/biz\\\/dunns-montreal\",\"https:\\\/\\\/www.instagram.com\\\/dunnsfamous\\\/\"]}]}<\/script>\n<!-- \/ Yoast SEO plugin. -->","yoast_head_json":{"title":"Politique de confidentialit\u00e9 | Dunn\u2019s Famous","description":"D\u00e9couvrez comment Dunn\u2019s Famous collecte, utilise et prot\u00e8ge vos renseignements personnels lors de votre visite sur notre site ou de vos commandes en ligne.","robots":{"index":"index","follow":"follow","max-snippet":"max-snippet:-1","max-image-preview":"max-image-preview:large","max-video-preview":"max-video-preview:-1"},"canonical":"https:\/\/dunnsfamous.com\/fr\/privacy-policy\/","og_locale":"fr_CA","og_type":"article","og_title":"Privacy Policy | Dunn\u2019s Famous","og_description":"Learn how Dunn\u2019s Famous collects, uses, and protects your personal information when visiting our website or ordering online.","og_url":"https:\/\/dunnsfamous.com\/fr\/privacy-policy\/","og_site_name":"Dunns famous","article_publisher":"https:\/\/www.facebook.com\/dunnsfamous","article_modified_time":"2025-02-05T14:55:33+00:00","twitter_card":"summary_large_image","twitter_misc":{"Estimation du temps de lecture":"6 minutes"},"schema":{"@context":"https:\/\/schema.org","@graph":[{"@type":"WebPage","@id":"https:\/\/dunnsfamous.com\/privacy-policy\/","url":"https:\/\/dunnsfamous.com\/privacy-policy\/","name":"Politique de confidentialit\u00e9 | Dunn\u2019s Famous","isPartOf":{"@id":"https:\/\/dunnsfamous.com\/#website"},"datePublished":"2023-11-01T15:49:46+00:00","dateModified":"2025-02-05T14:55:33+00:00","description":"D\u00e9couvrez comment Dunn\u2019s Famous collecte, utilise et prot\u00e8ge vos renseignements personnels lors de votre visite sur notre site ou de vos commandes en ligne.","breadcrumb":{"@id":"https:\/\/dunnsfamous.com\/privacy-policy\/#breadcrumb"},"inLanguage":"fr-CA","potentialAction":[{"@type":"ReadAction","target":["https:\/\/dunnsfamous.com\/privacy-policy\/"]}]},{"@type":"BreadcrumbList","@id":"https:\/\/dunnsfamous.com\/privacy-policy\/#breadcrumb","itemListElement":[{"@type":"ListItem","position":1,"name":"Home","item":"https:\/\/dunnsfamous.com\/"},{"@type":"ListItem","position":2,"name":"Privacy Policy"}]},{"@type":"WebSite","@id":"https:\/\/dunnsfamous.com\/#website","url":"https:\/\/dunnsfamous.com\/","name":"Dunn's Famous","description":"","publisher":{"@id":"https:\/\/dunnsfamous.com\/#organization"},"potentialAction":[{"@type":"SearchAction","target":{"@type":"EntryPoint","urlTemplate":"https:\/\/dunnsfamous.com\/?s={search_term_string}"},"query-input":{"@type":"PropertyValueSpecification","valueRequired":true,"valueName":"search_term_string"}}],"inLanguage":"fr-CA"},{"@type":"Organization","@id":"https:\/\/dunnsfamous.com\/#organization","name":"Dunn's Famous","url":"https:\/\/dunnsfamous.com\/","logo":{"@type":"ImageObject","inLanguage":"fr-CA","@id":"https:\/\/dunnsfamous.com\/#\/schema\/logo\/image\/","url":"https:\/\/dunnsfamous.com\/wp-content\/uploads\/2023\/11\/Dunn_s_Logo_Black.svg","contentUrl":"https:\/\/dunnsfamous.com\/wp-content\/uploads\/2023\/11\/Dunn_s_Logo_Black.svg","width":579,"height":308,"caption":"Dunn's Famous"},"image":{"@id":"https:\/\/dunnsfamous.com\/#\/schema\/logo\/image\/"},"sameAs":["https:\/\/www.facebook.com\/dunnsfamous","https:\/\/www.tiktok.com\/@dunnsfamous","https:\/\/g.co\/kgs\/edXhQPe","https:\/\/www.yelp.com\/biz\/dunns-montreal","https:\/\/www.instagram.com\/dunnsfamous\/"]}]}},"_links":{"self":[{"href":"https:\/\/dunnsfamous.com\/fr\/wp-json\/wp\/v2\/pages\/3","targetHints":{"allow":["GET"]}}],"collection":[{"href":"https:\/\/dunnsfamous.com\/fr\/wp-json\/wp\/v2\/pages"}],"about":[{"href":"https:\/\/dunnsfamous.com\/fr\/wp-json\/wp\/v2\/types\/page"}],"author":[{"embeddable":true,"href":"https:\/\/dunnsfamous.com\/fr\/wp-json\/wp\/v2\/users\/12"}],"replies":[{"embeddable":true,"href":"https:\/\/dunnsfamous.com\/fr\/wp-json\/wp\/v2\/comments?post=3"}],"version-history":[{"count":0,"href":"https:\/\/dunnsfamous.com\/fr\/wp-json\/wp\/v2\/pages\/3\/revisions"}],"wp:attachment":[{"href":"https:\/\/dunnsfamous.com\/fr\/wp-json\/wp\/v2\/media?parent=3"}],"curies":[{"name":"wp","href":"https:\/\/api.w.org\/{rel}","templated":true}]}}