{"id":5237,"date":"2024-10-24T08:13:39","date_gmt":"2024-10-24T08:13:39","guid":{"rendered":"https:\/\/dunnsfamous.com\/?page_id=5237"},"modified":"2025-02-05T14:55:30","modified_gmt":"2025-02-05T14:55:30","slug":"terms-of-use","status":"publish","type":"page","link":"https:\/\/dunnsfamous.com\/fr\/terms-of-use\/","title":{"rendered":"Conditions d'utilisation"},"content":{"rendered":"<div data-elementor-type=\"wp-page\" data-elementor-id=\"5237\" class=\"elementor elementor-5237\" data-elementor-post-type=\"page\">\n\t\t\t\t\t\t<section class=\"elementor-section elementor-top-section elementor-element elementor-element-cffca09 elementor-section-boxed elementor-section-height-default elementor-section-height-default\" data-id=\"cffca09\" data-element_type=\"section\" data-e-type=\"section\" data-settings=\"{&quot;background_background&quot;:&quot;classic&quot;}\">\n\t\t\t\t\t\t<div class=\"elementor-container elementor-column-gap-no\">\n\t\t\t\t\t<div class=\"elementor-column elementor-col-100 elementor-top-column elementor-element elementor-element-274241c\" data-id=\"274241c\" data-element_type=\"column\" data-e-type=\"column\">\n\t\t\t<div class=\"elementor-widget-wrap elementor-element-populated\">\n\t\t\t\t\t\t<section class=\"elementor-section elementor-inner-section elementor-element elementor-element-fa45d42 elementor-section-content-top elementor-section-boxed elementor-section-height-default elementor-section-height-default\" data-id=\"fa45d42\" data-element_type=\"section\" data-e-type=\"section\">\n\t\t\t\t\t\t<div class=\"elementor-container elementor-column-gap-default\">\n\t\t\t\t\t<div class=\"elementor-column elementor-col-100 elementor-inner-column elementor-element elementor-element-68961b6\" data-id=\"68961b6\" data-element_type=\"column\" data-e-type=\"column\">\n\t\t\t<div class=\"elementor-widget-wrap elementor-element-populated\">\n\t\t\t\t\t\t<div class=\"elementor-element elementor-element-17da6b0 font-Headliner elementor-invisible elementor-widget elementor-widget-heading\" data-id=\"17da6b0\" data-element_type=\"widget\" data-e-type=\"widget\" data-settings=\"{&quot;_animation&quot;:&quot;fadeInUp&quot;,&quot;_animation_delay&quot;:400}\" data-widget_type=\"heading.default\">\n\t\t\t\t<div class=\"elementor-widget-container\">\n\t\t\t\t\t<h2 class=\"elementor-heading-title elementor-size-default\">Conditions d'utilisation\n<\/h2>\t\t\t\t<\/div>\n\t\t\t\t<\/div>\n\t\t\t\t<div class=\"elementor-element elementor-element-f3137f1 elementor-widget elementor-widget-text-editor\" data-id=\"f3137f1\" data-element_type=\"widget\" data-e-type=\"widget\" data-widget_type=\"text-editor.default\">\n\t\t\t\t<div class=\"elementor-widget-container\">\n\t\t\t\t\t\t\t\t\t<p>Dunn\u2019s Famous s\u2019engage \u00e0 prot\u00e9ger la confidentialit\u00e9 des renseignements personnels que vous nous fournissez sur notre site Web. Nous croyons qu\u2019il est important que vous sachiez comment nous traitons les informations que vous partagez avec nous. La politique suivante explique comment vos renseignements personnels seront trait\u00e9s lorsque vous utilisez notre site Web et ses fonctionnalit\u00e9s. Les renseignements personnels incluent votre nom, votre adresse, votre num\u00e9ro de t\u00e9l\u00e9phone, vos adresses courriel, votre activit\u00e9 de navigation ainsi que toute autre information que vous pourriez fournir ici. Votre adresse courriel et tous les autres renseignements personnels sont recueillis uniquement lorsque vous les fournissez volontairement en remplissant des formulaires comme les r\u00e9servations ou les commandes en ligne.<\/p><p><strong>Avis g\u00e9n\u00e9ral<\/strong><\/p><p>Dunn\u2019s Famous s\u2019efforce d\u2019assurer l\u2019exactitude et la fiabilit\u00e9 des informations contenues sur ce site Web. Toutefois, Dunn\u2019s Famous et le World Wide Web (ou l\u2019h\u00e9bergeur du site) ne sont pas infaillibles et des erreurs peuvent parfois survenir. Par cons\u00e9quent, dans toute la mesure permise par la loi applicable, Dunn\u2019s Famous d\u00e9cline toute garantie, expresse ou implicite, concernant quelque aspect que ce soit de ce site Web. Dunn\u2019s Famous n\u2019est pas responsable des dommages ou des pr\u00e9judices caus\u00e9s par l\u2019utilisation de ce site Web (tels que les virus, omissions ou erreurs). Dunn\u2019s Famous peut modifier \u00e0 tout moment les informations, services et ressources contenues sur ce site Web et se r\u00e9serve le droit d\u2019apporter ces changements sans obligation d\u2019en informer les visiteurs pass\u00e9s, pr\u00e9sents ou futurs. En aucun cas, Dunn\u2019s Famous ne pourra \u00eatre tenu responsable de tout dommage indirect, sp\u00e9cial, accessoire ou cons\u00e9cutif d\u00e9coulant de l\u2019utilisation des informations contenues sur ce site.<\/p><p><strong>Avis de droits d\u2019auteur<\/strong><\/p><p>Le texte et le code HTML contenus sur ce site Web sont la propri\u00e9t\u00e9 exclusive de Dunn\u2019s Famous. Sauf indication contraire, le texte et le code HTML pr\u00e9sents sur ce site ne peuvent \u00eatre copi\u00e9s, distribu\u00e9s, affich\u00e9s, reproduits ou transmis sous quelque forme que ce soit et par quelque moyen que ce soit sans l\u2019autorisation \u00e9crite pr\u00e9alable de Dunn\u2019s Famous.<\/p><p>Sauf indication contraire les images photographiques sur\u00a0<a class=\"website_domain\" href=\"https:\/\/dunnsfamous.com\/fr\/\">https:\/\/dunnsfamous.com<\/a>\u00a0appartiennent \u00e0 TouchBistro Inc. \u00e0 ses conc\u00e9dants de licence ou \u00e0 ses partenaires tiers en imagerie. Vous ne pouvez pas utiliser aucune des images photographiques ou du mat\u00e9riel graphique sur\u00a0<a class=\"website_domain\" href=\"https:\/\/dunnsfamous.com\/fr\/\">https:\/\/dunnsfamous.com<\/a>, en tout ou en partie sans l\u2019autorisation \u00e9crite de TouchBistro Inc.<\/p><p><strong>Avis sur les hyperliens<\/strong><\/p><p>Le site Web de Dunn\u2019s Famous peut contenir des liens vers des sites qui ne sont ni entretenus ni affili\u00e9s \u00e0 Dunn\u2019s Famous. Les hyperliens sont fournis en tant que service aux utilisateurs et ne sont ni commandit\u00e9s ni associ\u00e9s \u00e0 ce site Web ou \u00e0 Dunn\u2019s Famous. Dunn\u2019s Famous n\u2019a pas examin\u00e9 les sites li\u00e9s \u00e0 partir de ce site Web et n\u2019est pas responsable du contenu d\u2019autres sites. L\u2019acc\u00e8s \u00e0 ces liens se fait aux risques de l\u2019utilisateur. Dunn\u2019s Famous ne fait aucune d\u00e9claration ni garantie quant au contenu, \u00e0 l\u2019exhaustivit\u00e9 ou \u00e0 l\u2019exactitude de ces liens ou des sites li\u00e9s \u00e0 ce site Web. De plus, Dunn\u2019s Famous n\u2019endosse pas implicitement les sites tiers li\u00e9s \u00e0 ce site Web.<\/p>\t\t\t\t\t\t\t\t<\/div>\n\t\t\t\t<\/div>\n\t\t\t\t\t<\/div>\n\t\t<\/div>\n\t\t\t\t\t<\/div>\n\t\t<\/section>\n\t\t\t\t\t<\/div>\n\t\t<\/div>\n\t\t\t\t\t<\/div>\n\t\t<\/section>\n\t\t\t\t<\/div>","protected":false},"excerpt":{"rendered":"<p>Terms of Use Dunn&#8217;s Famous is committed to protecting the privacy of the personal information you provide us on our Web site. We believe it is important for you to know how we treat the information you share with us. &hellip;<\/p>","protected":false},"author":12,"featured_media":0,"parent":0,"menu_order":0,"comment_status":"closed","ping_status":"closed","template":"","meta":{"_acf_changed":false,"_monsterinsights_skip_tracking":false,"_monsterinsights_sitenote_active":false,"_monsterinsights_sitenote_note":"","_monsterinsights_sitenote_category":0,"footnotes":""},"class_list":["post-5237","page","type-page","status-publish","hentry"],"acf":[],"yoast_head":"<!-- This site is optimized with the Yoast SEO plugin v27.3 - https:\/\/yoast.com\/product\/yoast-seo-wordpress\/ -->\n<title>Terms of Use | Dunn\u2019s Famous<\/title>\n<meta name=\"description\" content=\"Review the terms and conditions for using Dunn\u2019s Famous website, services, and online ordering system.\" \/>\n<meta name=\"robots\" content=\"index, follow, max-snippet:-1, max-image-preview:large, max-video-preview:-1\" \/>\n<link rel=\"canonical\" href=\"https:\/\/dunnsfamous.com\/fr\/terms-of-use\/\" \/>\n<meta property=\"og:locale\" content=\"fr_CA\" \/>\n<meta property=\"og:type\" content=\"article\" \/>\n<meta property=\"og:title\" content=\"Terms of Use | Dunn\u2019s Famous\" \/>\n<meta property=\"og:description\" content=\"Review the terms and conditions for using Dunn\u2019s Famous website, services, and online ordering system.\" \/>\n<meta property=\"og:url\" content=\"https:\/\/dunnsfamous.com\/fr\/terms-of-use\/\" \/>\n<meta property=\"og:site_name\" content=\"Dunns famous\" \/>\n<meta property=\"article:publisher\" content=\"https:\/\/www.facebook.com\/dunnsfamous\" \/>\n<meta property=\"article:modified_time\" content=\"2025-02-05T14:55:30+00:00\" \/>\n<meta name=\"twitter:card\" content=\"summary_large_image\" \/>\n<meta name=\"twitter:label1\" content=\"Estimation du temps de lecture\" \/>\n\t<meta name=\"twitter:data1\" content=\"3 minutes\" \/>\n<script type=\"application\/ld+json\" class=\"yoast-schema-graph\">{\"@context\":\"https:\\\/\\\/schema.org\",\"@graph\":[{\"@type\":\"WebPage\",\"@id\":\"https:\\\/\\\/dunnsfamous.com\\\/terms-of-use\\\/\",\"url\":\"https:\\\/\\\/dunnsfamous.com\\\/terms-of-use\\\/\",\"name\":\"Terms of Use | Dunn\u2019s Famous\",\"isPartOf\":{\"@id\":\"https:\\\/\\\/dunnsfamous.com\\\/#website\"},\"datePublished\":\"2024-10-24T08:13:39+00:00\",\"dateModified\":\"2025-02-05T14:55:30+00:00\",\"description\":\"Review the terms and conditions for using Dunn\u2019s Famous website, services, and online ordering system.\",\"breadcrumb\":{\"@id\":\"https:\\\/\\\/dunnsfamous.com\\\/terms-of-use\\\/#breadcrumb\"},\"inLanguage\":\"fr-CA\",\"potentialAction\":[{\"@type\":\"ReadAction\",\"target\":[\"https:\\\/\\\/dunnsfamous.com\\\/terms-of-use\\\/\"]}]},{\"@type\":\"BreadcrumbList\",\"@id\":\"https:\\\/\\\/dunnsfamous.com\\\/terms-of-use\\\/#breadcrumb\",\"itemListElement\":[{\"@type\":\"ListItem\",\"position\":1,\"name\":\"Home\",\"item\":\"https:\\\/\\\/dunnsfamous.com\\\/\"},{\"@type\":\"ListItem\",\"position\":2,\"name\":\"Terms of Use\"}]},{\"@type\":\"WebSite\",\"@id\":\"https:\\\/\\\/dunnsfamous.com\\\/#website\",\"url\":\"https:\\\/\\\/dunnsfamous.com\\\/\",\"name\":\"Dunn's Famous\",\"description\":\"\",\"publisher\":{\"@id\":\"https:\\\/\\\/dunnsfamous.com\\\/#organization\"},\"potentialAction\":[{\"@type\":\"SearchAction\",\"target\":{\"@type\":\"EntryPoint\",\"urlTemplate\":\"https:\\\/\\\/dunnsfamous.com\\\/?s={search_term_string}\"},\"query-input\":{\"@type\":\"PropertyValueSpecification\",\"valueRequired\":true,\"valueName\":\"search_term_string\"}}],\"inLanguage\":\"fr-CA\"},{\"@type\":\"Organization\",\"@id\":\"https:\\\/\\\/dunnsfamous.com\\\/#organization\",\"name\":\"Dunn's Famous\",\"url\":\"https:\\\/\\\/dunnsfamous.com\\\/\",\"logo\":{\"@type\":\"ImageObject\",\"inLanguage\":\"fr-CA\",\"@id\":\"https:\\\/\\\/dunnsfamous.com\\\/#\\\/schema\\\/logo\\\/image\\\/\",\"url\":\"https:\\\/\\\/dunnsfamous.com\\\/wp-content\\\/uploads\\\/2023\\\/11\\\/Dunn_s_Logo_Black.svg\",\"contentUrl\":\"https:\\\/\\\/dunnsfamous.com\\\/wp-content\\\/uploads\\\/2023\\\/11\\\/Dunn_s_Logo_Black.svg\",\"width\":579,\"height\":308,\"caption\":\"Dunn's Famous\"},\"image\":{\"@id\":\"https:\\\/\\\/dunnsfamous.com\\\/#\\\/schema\\\/logo\\\/image\\\/\"},\"sameAs\":[\"https:\\\/\\\/www.facebook.com\\\/dunnsfamous\",\"https:\\\/\\\/www.tiktok.com\\\/@dunnsfamous\",\"https:\\\/\\\/g.co\\\/kgs\\\/edXhQPe\",\"https:\\\/\\\/www.yelp.com\\\/biz\\\/dunns-montreal\",\"https:\\\/\\\/www.instagram.com\\\/dunnsfamous\\\/\"]}]}<\/script>\n<!-- \/ Yoast SEO plugin. -->","yoast_head_json":{"title":"Conditions d'utilisation | Dunn\u2019s Famous","description":"Consultez les conditions d\u2019utilisation du site web, des services et du syst\u00e8me de commande en ligne de Dunn\u2019s Famous.","robots":{"index":"index","follow":"follow","max-snippet":"max-snippet:-1","max-image-preview":"max-image-preview:large","max-video-preview":"max-video-preview:-1"},"canonical":"https:\/\/dunnsfamous.com\/fr\/terms-of-use\/","og_locale":"fr_CA","og_type":"article","og_title":"Terms of Use | Dunn\u2019s Famous","og_description":"Review the terms and conditions for using Dunn\u2019s Famous website, services, and online ordering system.","og_url":"https:\/\/dunnsfamous.com\/fr\/terms-of-use\/","og_site_name":"Dunns famous","article_publisher":"https:\/\/www.facebook.com\/dunnsfamous","article_modified_time":"2025-02-05T14:55:30+00:00","twitter_card":"summary_large_image","twitter_misc":{"Estimation du temps de lecture":"3 minutes"},"schema":{"@context":"https:\/\/schema.org","@graph":[{"@type":"WebPage","@id":"https:\/\/dunnsfamous.com\/terms-of-use\/","url":"https:\/\/dunnsfamous.com\/terms-of-use\/","name":"Conditions d'utilisation | Dunn\u2019s Famous","isPartOf":{"@id":"https:\/\/dunnsfamous.com\/#website"},"datePublished":"2024-10-24T08:13:39+00:00","dateModified":"2025-02-05T14:55:30+00:00","description":"Consultez les conditions d\u2019utilisation du site web, des services et du syst\u00e8me de commande en ligne de Dunn\u2019s Famous.","breadcrumb":{"@id":"https:\/\/dunnsfamous.com\/terms-of-use\/#breadcrumb"},"inLanguage":"fr-CA","potentialAction":[{"@type":"ReadAction","target":["https:\/\/dunnsfamous.com\/terms-of-use\/"]}]},{"@type":"BreadcrumbList","@id":"https:\/\/dunnsfamous.com\/terms-of-use\/#breadcrumb","itemListElement":[{"@type":"ListItem","position":1,"name":"Home","item":"https:\/\/dunnsfamous.com\/"},{"@type":"ListItem","position":2,"name":"Terms of Use"}]},{"@type":"WebSite","@id":"https:\/\/dunnsfamous.com\/#website","url":"https:\/\/dunnsfamous.com\/","name":"Dunn's Famous","description":"","publisher":{"@id":"https:\/\/dunnsfamous.com\/#organization"},"potentialAction":[{"@type":"SearchAction","target":{"@type":"EntryPoint","urlTemplate":"https:\/\/dunnsfamous.com\/?s={search_term_string}"},"query-input":{"@type":"PropertyValueSpecification","valueRequired":true,"valueName":"search_term_string"}}],"inLanguage":"fr-CA"},{"@type":"Organization","@id":"https:\/\/dunnsfamous.com\/#organization","name":"Dunn's Famous","url":"https:\/\/dunnsfamous.com\/","logo":{"@type":"ImageObject","inLanguage":"fr-CA","@id":"https:\/\/dunnsfamous.com\/#\/schema\/logo\/image\/","url":"https:\/\/dunnsfamous.com\/wp-content\/uploads\/2023\/11\/Dunn_s_Logo_Black.svg","contentUrl":"https:\/\/dunnsfamous.com\/wp-content\/uploads\/2023\/11\/Dunn_s_Logo_Black.svg","width":579,"height":308,"caption":"Dunn's Famous"},"image":{"@id":"https:\/\/dunnsfamous.com\/#\/schema\/logo\/image\/"},"sameAs":["https:\/\/www.facebook.com\/dunnsfamous","https:\/\/www.tiktok.com\/@dunnsfamous","https:\/\/g.co\/kgs\/edXhQPe","https:\/\/www.yelp.com\/biz\/dunns-montreal","https:\/\/www.instagram.com\/dunnsfamous\/"]}]}},"_links":{"self":[{"href":"https:\/\/dunnsfamous.com\/fr\/wp-json\/wp\/v2\/pages\/5237","targetHints":{"allow":["GET"]}}],"collection":[{"href":"https:\/\/dunnsfamous.com\/fr\/wp-json\/wp\/v2\/pages"}],"about":[{"href":"https:\/\/dunnsfamous.com\/fr\/wp-json\/wp\/v2\/types\/page"}],"author":[{"embeddable":true,"href":"https:\/\/dunnsfamous.com\/fr\/wp-json\/wp\/v2\/users\/12"}],"replies":[{"embeddable":true,"href":"https:\/\/dunnsfamous.com\/fr\/wp-json\/wp\/v2\/comments?post=5237"}],"version-history":[{"count":0,"href":"https:\/\/dunnsfamous.com\/fr\/wp-json\/wp\/v2\/pages\/5237\/revisions"}],"wp:attachment":[{"href":"https:\/\/dunnsfamous.com\/fr\/wp-json\/wp\/v2\/media?parent=5237"}],"curies":[{"name":"wp","href":"https:\/\/api.w.org\/{rel}","templated":true}]}}