{"id":975,"date":"2023-11-09T00:44:23","date_gmt":"2023-11-09T00:44:23","guid":{"rendered":"https:\/\/dunnsfamous.com\/?page_id=975"},"modified":"2025-02-05T14:54:33","modified_gmt":"2025-02-05T14:54:33","slug":"media","status":"publish","type":"page","link":"https:\/\/dunnsfamous.com\/fr\/media\/","title":{"rendered":"M\u00e9dias"},"content":{"rendered":"<div data-elementor-type=\"wp-page\" data-elementor-id=\"975\" class=\"elementor elementor-975\" data-elementor-post-type=\"page\">\n\t\t\t\t\t\t<section class=\"elementor-section elementor-top-section elementor-element elementor-element-5291608 elementor-section-boxed elementor-section-height-default elementor-section-height-default\" data-id=\"5291608\" data-element_type=\"section\" data-e-type=\"section\" data-settings=\"{&quot;background_background&quot;:&quot;classic&quot;}\">\n\t\t\t\t\t\t<div class=\"elementor-container elementor-column-gap-no\">\n\t\t\t\t\t<div class=\"elementor-column elementor-col-100 elementor-top-column elementor-element elementor-element-140392d\" data-id=\"140392d\" data-element_type=\"column\" data-e-type=\"column\">\n\t\t\t<div class=\"elementor-widget-wrap elementor-element-populated\">\n\t\t\t\t\t\t<section class=\"elementor-section elementor-inner-section elementor-element elementor-element-f461d76 elementor-section-content-top elementor-section-boxed elementor-section-height-default elementor-section-height-default\" data-id=\"f461d76\" data-element_type=\"section\" data-e-type=\"section\">\n\t\t\t\t\t\t<div class=\"elementor-container elementor-column-gap-default\">\n\t\t\t\t\t<div class=\"elementor-column elementor-col-100 elementor-inner-column elementor-element elementor-element-4880a55\" data-id=\"4880a55\" data-element_type=\"column\" data-e-type=\"column\">\n\t\t\t<div class=\"elementor-widget-wrap elementor-element-populated\">\n\t\t\t\t\t\t<div class=\"elementor-element elementor-element-5f99bbc elementor-invisible elementor-widget elementor-widget-heading\" data-id=\"5f99bbc\" data-element_type=\"widget\" data-e-type=\"widget\" data-settings=\"{&quot;_animation&quot;:&quot;fadeInUp&quot;}\" data-widget_type=\"heading.default\">\n\t\t\t\t<div class=\"elementor-widget-container\">\n\t\t\t\t\t<h4 class=\"elementor-heading-title elementor-size-default\">Ce que les gens disent<\/h4>\t\t\t\t<\/div>\n\t\t\t\t<\/div>\n\t\t\t\t<div class=\"elementor-element elementor-element-181ea61 font-Headliner elementor-invisible elementor-widget elementor-widget-heading\" data-id=\"181ea61\" data-element_type=\"widget\" data-e-type=\"widget\" data-settings=\"{&quot;_animation&quot;:&quot;fadeInUp&quot;,&quot;_animation_delay&quot;:400}\" data-widget_type=\"heading.default\">\n\t\t\t\t<div class=\"elementor-widget-container\">\n\t\t\t\t\t<h2 class=\"elementor-heading-title elementor-size-default\">Nouvelles et presse<\/h2>\t\t\t\t<\/div>\n\t\t\t\t<\/div>\n\t\t\t\t<div class=\"elementor-element elementor-element-b27f9f3 elementor-widget elementor-widget-shortcode\" data-id=\"b27f9f3\" data-element_type=\"widget\" data-e-type=\"widget\" data-widget_type=\"shortcode.default\">\n\t\t\t\t<div class=\"elementor-widget-container\">\n\t\t\t\t\t\t\t<div class=\"elementor-shortcode\"><div class=\"singlea-dsktopstories\"><div class=\"row\"><div class=\"sdsktopstories\">\n\t\t\t\t<a href=\"https:\/\/dunnsfamous.com\/fr\/why-brisket-is-the-heart-of-jewish-food\/\" target=\"_blank\">\n\t\t\t\t<div class=\"center-details-bg\" style=\"background-image: url(https:\/\/dunnsfamous.com\/wp-content\/uploads\/2026\/03\/Cover-Image-3-1024x538.jpeg);\"><\/div>\n\t\t\t\t<div class=\"center-details\">\n\t\t\t\t\t<h4>De la tradition \u00e0 la table<\/h4>\n\t\t\t\t\t<h2>The Toughest Cut and the Longest Traditions: Why Brisket is the Heart of Jewish Food<\/h2>\n\t\t\t\t\t<div class=\"excerpt\">Discover why brisket is central to Jewish cuisine, from its tough cut origins to its deep cultural and holiday traditions across generations.<\/div>\n\t\t\t\t\t<span class=\"dskbtn2\"><strong>Lire la suite<\/strong> <svg width=\"24\" height=\"24\" viewbox=\"0 0 24 24\" fill=\"none\" xmlns=\"http:\/\/www.w3.org\/2000\/svg\">\n<path d=\"M16.528 6.46731C16.2338 6.17573 15.7589 6.17784 15.4673 6.47204C15.1757 6.76624 15.1778 7.24111 15.472 7.53269L17.235 9.28C17.9505 9.98914 18.4413 10.4772 18.7734 10.8907C18.8813 11.0251 18.9655 11.1434 19.0309 11.25L4 11.25C3.58579 11.25 3.25 11.5858 3.25 12C3.25 12.4142 3.58579 12.75 4 12.75L19.0309 12.75C18.9655 12.8566 18.8813 12.9749 18.7734 13.1093C18.4413 13.5228 17.9505 14.0109 17.235 14.72L15.472 16.4673C15.1778 16.7589 15.1757 17.2338 15.4673 17.528C15.7589 17.8222 16.2338 17.8243 16.528 17.5327L18.3227 15.7539C18.9987 15.084 19.5511 14.5364 19.9429 14.0485C20.3504 13.5412 20.6453 13.0263 20.7241 12.4082C20.7414 12.2726 20.75 12.1363 20.75 12C20.75 11.8637 20.7414 11.7274 20.7241 11.5918C20.6453 10.9737 20.3504 10.4588 19.9429 9.95146C19.5511 9.46358 18.9987 8.91604 18.3227 8.24609L16.528 6.46731Z\" fill=\"#D7002E\"\/>\n<\/svg><\/span>\n\t\t\t\t<\/div>\n\t\t\t\t<\/a>\n\t\t\t\t<\/div><div class=\"sdsktopstories\">\n\t\t\t\t<a href=\"https:\/\/dunnsfamous.com\/fr\/montreal-smoked-meat-fully-cooked-pink-color\/\" target=\"_blank\">\n\t\t\t\t<div class=\"center-details-bg\" style=\"background-image: url(https:\/\/dunnsfamous.com\/wp-content\/uploads\/2026\/03\/Cover-Image-2-1024x538.jpeg);\"><\/div>\n\t\t\t\t<div class=\"center-details\">\n\t\t\t\t\t<h4>De la tradition \u00e0 la table<\/h4>\n\t\t\t\t\t<h2>Is Montreal Smoked Meat Fully Cooked? Why That Pink Color Is a Good Sign<\/h2>\n\t\t\t\t\t<div class=\"excerpt\">Is Montreal smoked meat fully cooked? Learn why its pink color is safe, what causes it, and how this deli classic is prepared and served.<\/div>\n\t\t\t\t\t<span class=\"dskbtn2\"><strong>Lire la suite<\/strong> <svg width=\"24\" height=\"24\" viewbox=\"0 0 24 24\" fill=\"none\" xmlns=\"http:\/\/www.w3.org\/2000\/svg\">\n<path d=\"M16.528 6.46731C16.2338 6.17573 15.7589 6.17784 15.4673 6.47204C15.1757 6.76624 15.1778 7.24111 15.472 7.53269L17.235 9.28C17.9505 9.98914 18.4413 10.4772 18.7734 10.8907C18.8813 11.0251 18.9655 11.1434 19.0309 11.25L4 11.25C3.58579 11.25 3.25 11.5858 3.25 12C3.25 12.4142 3.58579 12.75 4 12.75L19.0309 12.75C18.9655 12.8566 18.8813 12.9749 18.7734 13.1093C18.4413 13.5228 17.9505 14.0109 17.235 14.72L15.472 16.4673C15.1778 16.7589 15.1757 17.2338 15.4673 17.528C15.7589 17.8222 16.2338 17.8243 16.528 17.5327L18.3227 15.7539C18.9987 15.084 19.5511 14.5364 19.9429 14.0485C20.3504 13.5412 20.6453 13.0263 20.7241 12.4082C20.7414 12.2726 20.75 12.1363 20.75 12C20.75 11.8637 20.7414 11.7274 20.7241 11.5918C20.6453 10.9737 20.3504 10.4588 19.9429 9.95146C19.5511 9.46358 18.9987 8.91604 18.3227 8.24609L16.528 6.46731Z\" fill=\"#D7002E\"\/>\n<\/svg><\/span>\n\t\t\t\t<\/div>\n\t\t\t\t<\/a>\n\t\t\t\t<\/div><div class=\"sdsktopstories\">\n\t\t\t\t<a href=\"https:\/\/dunnsfamous.com\/fr\/what-is-montreal-smoked-meat\/\" target=\"_blank\">\n\t\t\t\t<div class=\"center-details-bg\" style=\"background-image: url(https:\/\/dunnsfamous.com\/wp-content\/uploads\/2026\/03\/4-1024x538.jpeg);\"><\/div>\n\t\t\t\t<div class=\"center-details\">\n\t\t\t\t\t<h4>De la tradition \u00e0 la table<\/h4>\n\t\t\t\t\t<h2>What Is Montreal Smoked Meat? Everything You Need to Know<\/h2>\n\t\t\t\t\t<div class=\"excerpt\">Explore Montreal smoked meat\u2014its history, spices, curing process, and how it differs from pastrami. Learn how to order and enjoy it like a local.<\/div>\n\t\t\t\t\t<span class=\"dskbtn2\"><strong>Lire la suite<\/strong> <svg width=\"24\" height=\"24\" viewbox=\"0 0 24 24\" fill=\"none\" xmlns=\"http:\/\/www.w3.org\/2000\/svg\">\n<path d=\"M16.528 6.46731C16.2338 6.17573 15.7589 6.17784 15.4673 6.47204C15.1757 6.76624 15.1778 7.24111 15.472 7.53269L17.235 9.28C17.9505 9.98914 18.4413 10.4772 18.7734 10.8907C18.8813 11.0251 18.9655 11.1434 19.0309 11.25L4 11.25C3.58579 11.25 3.25 11.5858 3.25 12C3.25 12.4142 3.58579 12.75 4 12.75L19.0309 12.75C18.9655 12.8566 18.8813 12.9749 18.7734 13.1093C18.4413 13.5228 17.9505 14.0109 17.235 14.72L15.472 16.4673C15.1778 16.7589 15.1757 17.2338 15.4673 17.528C15.7589 17.8222 16.2338 17.8243 16.528 17.5327L18.3227 15.7539C18.9987 15.084 19.5511 14.5364 19.9429 14.0485C20.3504 13.5412 20.6453 13.0263 20.7241 12.4082C20.7414 12.2726 20.75 12.1363 20.75 12C20.75 11.8637 20.7414 11.7274 20.7241 11.5918C20.6453 10.9737 20.3504 10.4588 19.9429 9.95146C19.5511 9.46358 18.9987 8.91604 18.3227 8.24609L16.528 6.46731Z\" fill=\"#D7002E\"\/>\n<\/svg><\/span>\n\t\t\t\t<\/div>\n\t\t\t\t<\/a>\n\t\t\t\t<\/div><div class=\"sdsktopstories\">\n\t\t\t\t<a href=\"https:\/\/dunnsfamous.com\/fr\/science-of-curing-smoked-meat\/\" target=\"_blank\">\n\t\t\t\t<div class=\"center-details-bg\" style=\"background-image: url(https:\/\/dunnsfamous.com\/wp-content\/uploads\/2026\/03\/Cover-Image-1024x538.jpeg);\"><\/div>\n\t\t\t\t<div class=\"center-details\">\n\t\t\t\t\t<h4>Secrets et astuces du chef<\/h4>\n\t\t\t\t\t<h2>The Science of the Cure: How Time and Salt Make the Perfect Smoked Meat<\/h2>\n\t\t\t\t\t<div class=\"excerpt\">Discover how time and salt transform meat into flavorful smoked perfection. Learn the science behind curing and why it matters.<\/div>\n\t\t\t\t\t<span class=\"dskbtn2\"><strong>Lire la suite<\/strong> <svg width=\"24\" height=\"24\" viewbox=\"0 0 24 24\" fill=\"none\" xmlns=\"http:\/\/www.w3.org\/2000\/svg\">\n<path d=\"M16.528 6.46731C16.2338 6.17573 15.7589 6.17784 15.4673 6.47204C15.1757 6.76624 15.1778 7.24111 15.472 7.53269L17.235 9.28C17.9505 9.98914 18.4413 10.4772 18.7734 10.8907C18.8813 11.0251 18.9655 11.1434 19.0309 11.25L4 11.25C3.58579 11.25 3.25 11.5858 3.25 12C3.25 12.4142 3.58579 12.75 4 12.75L19.0309 12.75C18.9655 12.8566 18.8813 12.9749 18.7734 13.1093C18.4413 13.5228 17.9505 14.0109 17.235 14.72L15.472 16.4673C15.1778 16.7589 15.1757 17.2338 15.4673 17.528C15.7589 17.8222 16.2338 17.8243 16.528 17.5327L18.3227 15.7539C18.9987 15.084 19.5511 14.5364 19.9429 14.0485C20.3504 13.5412 20.6453 13.0263 20.7241 12.4082C20.7414 12.2726 20.75 12.1363 20.75 12C20.75 11.8637 20.7414 11.7274 20.7241 11.5918C20.6453 10.9737 20.3504 10.4588 19.9429 9.95146C19.5511 9.46358 18.9987 8.91604 18.3227 8.24609L16.528 6.46731Z\" fill=\"#D7002E\"\/>\n<\/svg><\/span>\n\t\t\t\t<\/div>\n\t\t\t\t<\/a>\n\t\t\t\t<\/div><div class=\"sdsktopstories\">\n\t\t\t\t<a href=\"https:\/\/dunnsfamous.com\/fr\/how-to-prevent-overcooking-of-montreal-smoked-meat-brisket\/\" target=\"_blank\">\n\t\t\t\t<div class=\"center-details-bg\" style=\"background-image: url(https:\/\/dunnsfamous.com\/wp-content\/uploads\/2026\/02\/Cover-Image-7-1024x538.jpeg);\"><\/div>\n\t\t\t\t<div class=\"center-details\">\n\t\t\t\t\t<h4>Secrets et astuces du chef<\/h4>\n\t\t\t\t\t<h2>How to Prevent Overcooking of Montreal Smoked Meat Brisket\u00a0<\/h2>\n\t\t\t\t\t<div class=\"excerpt\">Learn how to prevent overcooking Montreal smoked meat brisket. Tips on steaming, slicing, and temperature control for tender, juicy results every time.<\/div>\n\t\t\t\t\t<span class=\"dskbtn2\"><strong>Lire la suite<\/strong> <svg width=\"24\" height=\"24\" viewbox=\"0 0 24 24\" fill=\"none\" xmlns=\"http:\/\/www.w3.org\/2000\/svg\">\n<path d=\"M16.528 6.46731C16.2338 6.17573 15.7589 6.17784 15.4673 6.47204C15.1757 6.76624 15.1778 7.24111 15.472 7.53269L17.235 9.28C17.9505 9.98914 18.4413 10.4772 18.7734 10.8907C18.8813 11.0251 18.9655 11.1434 19.0309 11.25L4 11.25C3.58579 11.25 3.25 11.5858 3.25 12C3.25 12.4142 3.58579 12.75 4 12.75L19.0309 12.75C18.9655 12.8566 18.8813 12.9749 18.7734 13.1093C18.4413 13.5228 17.9505 14.0109 17.235 14.72L15.472 16.4673C15.1778 16.7589 15.1757 17.2338 15.4673 17.528C15.7589 17.8222 16.2338 17.8243 16.528 17.5327L18.3227 15.7539C18.9987 15.084 19.5511 14.5364 19.9429 14.0485C20.3504 13.5412 20.6453 13.0263 20.7241 12.4082C20.7414 12.2726 20.75 12.1363 20.75 12C20.75 11.8637 20.7414 11.7274 20.7241 11.5918C20.6453 10.9737 20.3504 10.4588 19.9429 9.95146C19.5511 9.46358 18.9987 8.91604 18.3227 8.24609L16.528 6.46731Z\" fill=\"#D7002E\"\/>\n<\/svg><\/span>\n\t\t\t\t<\/div>\n\t\t\t\t<\/a>\n\t\t\t\t<\/div><div class=\"sdsktopstories\">\n\t\t\t\t<a href=\"https:\/\/dunnsfamous.com\/fr\/the-science-of-the-slice-fat-marbling-and-the-montreal-smoked-meat-experience\/\" target=\"_blank\">\n\t\t\t\t<div class=\"center-details-bg\" style=\"background-image: url(https:\/\/dunnsfamous.com\/wp-content\/uploads\/2026\/02\/Cover-Image-6-1024x538.jpeg);\"><\/div>\n\t\t\t\t<div class=\"center-details\">\n\t\t\t\t\t<h4>De la tradition \u00e0 la table<\/h4>\n\t\t\t\t\t<h2>The Science of the Slice: Fat, Marbling, and the Montreal Smoked Meat Experience<\/h2>\n\t\t\t\t\t<div class=\"excerpt\">Discover how fat and marbling define authentic Montreal smoked meat. Learn why texture, flavor, and the perfect slice make all the difference.<\/div>\n\t\t\t\t\t<span class=\"dskbtn2\"><strong>Lire la suite<\/strong> <svg width=\"24\" height=\"24\" viewbox=\"0 0 24 24\" fill=\"none\" xmlns=\"http:\/\/www.w3.org\/2000\/svg\">\n<path d=\"M16.528 6.46731C16.2338 6.17573 15.7589 6.17784 15.4673 6.47204C15.1757 6.76624 15.1778 7.24111 15.472 7.53269L17.235 9.28C17.9505 9.98914 18.4413 10.4772 18.7734 10.8907C18.8813 11.0251 18.9655 11.1434 19.0309 11.25L4 11.25C3.58579 11.25 3.25 11.5858 3.25 12C3.25 12.4142 3.58579 12.75 4 12.75L19.0309 12.75C18.9655 12.8566 18.8813 12.9749 18.7734 13.1093C18.4413 13.5228 17.9505 14.0109 17.235 14.72L15.472 16.4673C15.1778 16.7589 15.1757 17.2338 15.4673 17.528C15.7589 17.8222 16.2338 17.8243 16.528 17.5327L18.3227 15.7539C18.9987 15.084 19.5511 14.5364 19.9429 14.0485C20.3504 13.5412 20.6453 13.0263 20.7241 12.4082C20.7414 12.2726 20.75 12.1363 20.75 12C20.75 11.8637 20.7414 11.7274 20.7241 11.5918C20.6453 10.9737 20.3504 10.4588 19.9429 9.95146C19.5511 9.46358 18.9987 8.91604 18.3227 8.24609L16.528 6.46731Z\" fill=\"#D7002E\"\/>\n<\/svg><\/span>\n\t\t\t\t<\/div>\n\t\t\t\t<\/a>\n\t\t\t\t<\/div><div class=\"sdsktopstories\">\n\t\t\t\t<a href=\"https:\/\/dunnsfamous.com\/fr\/guide-to-the-best-custom-poutine-in-montreal\/\" target=\"_blank\">\n\t\t\t\t<div class=\"center-details-bg\" style=\"background-image: url(https:\/\/dunnsfamous.com\/wp-content\/uploads\/2026\/02\/Cover-Image-5-1024x538.jpeg);\"><\/div>\n\t\t\t\t<div class=\"center-details\">\n\t\t\t\t\t<h4>\u00c0 savoir avant de partir<\/h4>\n\t\t\t\t\t<h2>Crafting a Masterpiece: A Guide to the Best Custom Poutine in Montreal<\/h2>\n\t\t\t\t\t<div class=\"excerpt\">Learn how to build the ultimate custom poutine in Montreal with the right fries, cheese curds, and signature toppings.<\/div>\n\t\t\t\t\t<span class=\"dskbtn2\"><strong>Lire la suite<\/strong> <svg width=\"24\" height=\"24\" viewbox=\"0 0 24 24\" fill=\"none\" xmlns=\"http:\/\/www.w3.org\/2000\/svg\">\n<path d=\"M16.528 6.46731C16.2338 6.17573 15.7589 6.17784 15.4673 6.47204C15.1757 6.76624 15.1778 7.24111 15.472 7.53269L17.235 9.28C17.9505 9.98914 18.4413 10.4772 18.7734 10.8907C18.8813 11.0251 18.9655 11.1434 19.0309 11.25L4 11.25C3.58579 11.25 3.25 11.5858 3.25 12C3.25 12.4142 3.58579 12.75 4 12.75L19.0309 12.75C18.9655 12.8566 18.8813 12.9749 18.7734 13.1093C18.4413 13.5228 17.9505 14.0109 17.235 14.72L15.472 16.4673C15.1778 16.7589 15.1757 17.2338 15.4673 17.528C15.7589 17.8222 16.2338 17.8243 16.528 17.5327L18.3227 15.7539C18.9987 15.084 19.5511 14.5364 19.9429 14.0485C20.3504 13.5412 20.6453 13.0263 20.7241 12.4082C20.7414 12.2726 20.75 12.1363 20.75 12C20.75 11.8637 20.7414 11.7274 20.7241 11.5918C20.6453 10.9737 20.3504 10.4588 19.9429 9.95146C19.5511 9.46358 18.9987 8.91604 18.3227 8.24609L16.528 6.46731Z\" fill=\"#D7002E\"\/>\n<\/svg><\/span>\n\t\t\t\t<\/div>\n\t\t\t\t<\/a>\n\t\t\t\t<\/div><\/div><\/div><\/div>\n\t\t\t\t\t\t<\/div>\n\t\t\t\t<\/div>\n\t\t\t\t\t<\/div>\n\t\t<\/div>\n\t\t\t\t\t<\/div>\n\t\t<\/section>\n\t\t\t\t\t<\/div>\n\t\t<\/div>\n\t\t\t\t\t<\/div>\n\t\t<\/section>\n\t\t\t\t<\/div>","protected":false},"excerpt":{"rendered":"<p>What People Are Saying News &#038; press<\/p>","protected":false},"author":12,"featured_media":0,"parent":0,"menu_order":0,"comment_status":"closed","ping_status":"closed","template":"onecolumn-page.php","meta":{"_acf_changed":false,"_monsterinsights_skip_tracking":false,"_monsterinsights_sitenote_active":false,"_monsterinsights_sitenote_note":"","_monsterinsights_sitenote_category":0,"footnotes":""},"class_list":["post-975","page","type-page","status-publish","hentry"],"acf":[],"yoast_head":"<!-- This site is optimized with the Yoast SEO plugin v27.3 - https:\/\/yoast.com\/product\/yoast-seo-wordpress\/ -->\n<title>Media, News &amp; Press Coverage | Dunn\u2019s Famous<\/title>\n<meta name=\"description\" content=\"Stay updated with the latest news, press releases, and media features about Dunn\u2019s Famous and our legendary smoked meat.\" \/>\n<meta name=\"robots\" content=\"index, follow, max-snippet:-1, max-image-preview:large, max-video-preview:-1\" \/>\n<link rel=\"canonical\" href=\"https:\/\/dunnsfamous.com\/fr\/media\/\" \/>\n<meta property=\"og:locale\" content=\"fr_CA\" \/>\n<meta property=\"og:type\" content=\"article\" \/>\n<meta property=\"og:title\" content=\"Media, News &amp; Press Coverage | Dunn\u2019s Famous\" \/>\n<meta property=\"og:description\" content=\"Stay updated with the latest news, press releases, and media features about Dunn\u2019s Famous and our legendary smoked meat.\" \/>\n<meta property=\"og:url\" content=\"https:\/\/dunnsfamous.com\/fr\/media\/\" \/>\n<meta property=\"og:site_name\" content=\"Dunns famous\" \/>\n<meta property=\"article:publisher\" content=\"https:\/\/www.facebook.com\/dunnsfamous\" \/>\n<meta property=\"article:modified_time\" content=\"2025-02-05T14:54:33+00:00\" \/>\n<meta name=\"twitter:card\" content=\"summary_large_image\" \/>\n<meta name=\"twitter:label1\" content=\"Estimation du temps de lecture\" \/>\n\t<meta name=\"twitter:data1\" content=\"1 minute\" \/>\n<script type=\"application\/ld+json\" class=\"yoast-schema-graph\">{\"@context\":\"https:\\\/\\\/schema.org\",\"@graph\":[{\"@type\":\"WebPage\",\"@id\":\"https:\\\/\\\/dunnsfamous.com\\\/media\\\/\",\"url\":\"https:\\\/\\\/dunnsfamous.com\\\/media\\\/\",\"name\":\"Media, News & Press Coverage | Dunn\u2019s Famous\",\"isPartOf\":{\"@id\":\"https:\\\/\\\/dunnsfamous.com\\\/#website\"},\"datePublished\":\"2023-11-09T00:44:23+00:00\",\"dateModified\":\"2025-02-05T14:54:33+00:00\",\"description\":\"Stay updated with the latest news, press releases, and media features about Dunn\u2019s Famous and our legendary smoked meat.\",\"breadcrumb\":{\"@id\":\"https:\\\/\\\/dunnsfamous.com\\\/media\\\/#breadcrumb\"},\"inLanguage\":\"fr-CA\",\"potentialAction\":[{\"@type\":\"ReadAction\",\"target\":[\"https:\\\/\\\/dunnsfamous.com\\\/media\\\/\"]}]},{\"@type\":\"BreadcrumbList\",\"@id\":\"https:\\\/\\\/dunnsfamous.com\\\/media\\\/#breadcrumb\",\"itemListElement\":[{\"@type\":\"ListItem\",\"position\":1,\"name\":\"Home\",\"item\":\"https:\\\/\\\/dunnsfamous.com\\\/\"},{\"@type\":\"ListItem\",\"position\":2,\"name\":\"Media\"}]},{\"@type\":\"WebSite\",\"@id\":\"https:\\\/\\\/dunnsfamous.com\\\/#website\",\"url\":\"https:\\\/\\\/dunnsfamous.com\\\/\",\"name\":\"Dunn's Famous\",\"description\":\"\",\"publisher\":{\"@id\":\"https:\\\/\\\/dunnsfamous.com\\\/#organization\"},\"potentialAction\":[{\"@type\":\"SearchAction\",\"target\":{\"@type\":\"EntryPoint\",\"urlTemplate\":\"https:\\\/\\\/dunnsfamous.com\\\/?s={search_term_string}\"},\"query-input\":{\"@type\":\"PropertyValueSpecification\",\"valueRequired\":true,\"valueName\":\"search_term_string\"}}],\"inLanguage\":\"fr-CA\"},{\"@type\":\"Organization\",\"@id\":\"https:\\\/\\\/dunnsfamous.com\\\/#organization\",\"name\":\"Dunn's Famous\",\"url\":\"https:\\\/\\\/dunnsfamous.com\\\/\",\"logo\":{\"@type\":\"ImageObject\",\"inLanguage\":\"fr-CA\",\"@id\":\"https:\\\/\\\/dunnsfamous.com\\\/#\\\/schema\\\/logo\\\/image\\\/\",\"url\":\"https:\\\/\\\/dunnsfamous.com\\\/wp-content\\\/uploads\\\/2023\\\/11\\\/Dunn_s_Logo_Black.svg\",\"contentUrl\":\"https:\\\/\\\/dunnsfamous.com\\\/wp-content\\\/uploads\\\/2023\\\/11\\\/Dunn_s_Logo_Black.svg\",\"width\":579,\"height\":308,\"caption\":\"Dunn's Famous\"},\"image\":{\"@id\":\"https:\\\/\\\/dunnsfamous.com\\\/#\\\/schema\\\/logo\\\/image\\\/\"},\"sameAs\":[\"https:\\\/\\\/www.facebook.com\\\/dunnsfamous\",\"https:\\\/\\\/www.tiktok.com\\\/@dunnsfamous\",\"https:\\\/\\\/g.co\\\/kgs\\\/edXhQPe\",\"https:\\\/\\\/www.yelp.com\\\/biz\\\/dunns-montreal\",\"https:\\\/\\\/www.instagram.com\\\/dunnsfamous\\\/\"]}]}<\/script>\n<!-- \/ Yoast SEO plugin. -->","yoast_head_json":{"title":"M\u00e9dias, actualit\u00e9s et couverture de presse | Dunn\u2019s Famous","description":"Restez \u00e0 l'aff\u00fbt des derni\u00e8res nouvelles, communiqu\u00e9s de presse et couvertures m\u00e9diatiques sur Dunn\u2019s Famous et notre l\u00e9gendaire smoked meat.","robots":{"index":"index","follow":"follow","max-snippet":"max-snippet:-1","max-image-preview":"max-image-preview:large","max-video-preview":"max-video-preview:-1"},"canonical":"https:\/\/dunnsfamous.com\/fr\/media\/","og_locale":"fr_CA","og_type":"article","og_title":"Media, News & Press Coverage | Dunn\u2019s Famous","og_description":"Stay updated with the latest news, press releases, and media features about Dunn\u2019s Famous and our legendary smoked meat.","og_url":"https:\/\/dunnsfamous.com\/fr\/media\/","og_site_name":"Dunns famous","article_publisher":"https:\/\/www.facebook.com\/dunnsfamous","article_modified_time":"2025-02-05T14:54:33+00:00","twitter_card":"summary_large_image","twitter_misc":{"Estimation du temps de lecture":"1 minute"},"schema":{"@context":"https:\/\/schema.org","@graph":[{"@type":"WebPage","@id":"https:\/\/dunnsfamous.com\/media\/","url":"https:\/\/dunnsfamous.com\/media\/","name":"M\u00e9dias, actualit\u00e9s et couverture de presse | Dunn\u2019s Famous","isPartOf":{"@id":"https:\/\/dunnsfamous.com\/#website"},"datePublished":"2023-11-09T00:44:23+00:00","dateModified":"2025-02-05T14:54:33+00:00","description":"Restez \u00e0 l'aff\u00fbt des derni\u00e8res nouvelles, communiqu\u00e9s de presse et couvertures m\u00e9diatiques sur Dunn\u2019s Famous et notre l\u00e9gendaire smoked meat.","breadcrumb":{"@id":"https:\/\/dunnsfamous.com\/media\/#breadcrumb"},"inLanguage":"fr-CA","potentialAction":[{"@type":"ReadAction","target":["https:\/\/dunnsfamous.com\/media\/"]}]},{"@type":"BreadcrumbList","@id":"https:\/\/dunnsfamous.com\/media\/#breadcrumb","itemListElement":[{"@type":"ListItem","position":1,"name":"Home","item":"https:\/\/dunnsfamous.com\/"},{"@type":"ListItem","position":2,"name":"Media"}]},{"@type":"WebSite","@id":"https:\/\/dunnsfamous.com\/#website","url":"https:\/\/dunnsfamous.com\/","name":"Dunn's Famous","description":"","publisher":{"@id":"https:\/\/dunnsfamous.com\/#organization"},"potentialAction":[{"@type":"SearchAction","target":{"@type":"EntryPoint","urlTemplate":"https:\/\/dunnsfamous.com\/?s={search_term_string}"},"query-input":{"@type":"PropertyValueSpecification","valueRequired":true,"valueName":"search_term_string"}}],"inLanguage":"fr-CA"},{"@type":"Organization","@id":"https:\/\/dunnsfamous.com\/#organization","name":"Dunn's Famous","url":"https:\/\/dunnsfamous.com\/","logo":{"@type":"ImageObject","inLanguage":"fr-CA","@id":"https:\/\/dunnsfamous.com\/#\/schema\/logo\/image\/","url":"https:\/\/dunnsfamous.com\/wp-content\/uploads\/2023\/11\/Dunn_s_Logo_Black.svg","contentUrl":"https:\/\/dunnsfamous.com\/wp-content\/uploads\/2023\/11\/Dunn_s_Logo_Black.svg","width":579,"height":308,"caption":"Dunn's Famous"},"image":{"@id":"https:\/\/dunnsfamous.com\/#\/schema\/logo\/image\/"},"sameAs":["https:\/\/www.facebook.com\/dunnsfamous","https:\/\/www.tiktok.com\/@dunnsfamous","https:\/\/g.co\/kgs\/edXhQPe","https:\/\/www.yelp.com\/biz\/dunns-montreal","https:\/\/www.instagram.com\/dunnsfamous\/"]}]}},"_links":{"self":[{"href":"https:\/\/dunnsfamous.com\/fr\/wp-json\/wp\/v2\/pages\/975","targetHints":{"allow":["GET"]}}],"collection":[{"href":"https:\/\/dunnsfamous.com\/fr\/wp-json\/wp\/v2\/pages"}],"about":[{"href":"https:\/\/dunnsfamous.com\/fr\/wp-json\/wp\/v2\/types\/page"}],"author":[{"embeddable":true,"href":"https:\/\/dunnsfamous.com\/fr\/wp-json\/wp\/v2\/users\/12"}],"replies":[{"embeddable":true,"href":"https:\/\/dunnsfamous.com\/fr\/wp-json\/wp\/v2\/comments?post=975"}],"version-history":[{"count":0,"href":"https:\/\/dunnsfamous.com\/fr\/wp-json\/wp\/v2\/pages\/975\/revisions"}],"wp:attachment":[{"href":"https:\/\/dunnsfamous.com\/fr\/wp-json\/wp\/v2\/media?parent=975"}],"curies":[{"name":"wp","href":"https:\/\/api.w.org\/{rel}","templated":true}]}}