{"id":206,"date":"2023-11-05T16:06:47","date_gmt":"2023-11-05T16:06:47","guid":{"rendered":"https:\/\/dunnsfamous.com\/?post_type=product&#038;p=206"},"modified":"2025-10-06T07:16:04","modified_gmt":"2025-10-06T11:16:04","slug":"dunns-dill-pickle-peanuts","status":"publish","type":"product","link":"https:\/\/dunnsfamous.com\/fr\/product\/dunns-dill-pickle-peanuts\/","title":{"rendered":"Dunn&#8217;s Dill Pickle Peanuts"},"content":{"rendered":"<div data-elementor-type=\"wp-post\" data-elementor-id=\"206\" class=\"elementor elementor-206\" data-elementor-post-type=\"product\">\n\t\t\t\t\t\t<section class=\"elementor-section elementor-top-section elementor-element elementor-element-a93e998 elementor-section-boxed elementor-section-height-default elementor-section-height-default\" data-id=\"a93e998\" data-element_type=\"section\" data-e-type=\"section\" data-settings=\"{&quot;background_background&quot;:&quot;classic&quot;}\">\n\t\t\t\t\t\t<div class=\"elementor-container elementor-column-gap-default\">\n\t\t\t\t\t<div class=\"elementor-column elementor-col-100 elementor-top-column elementor-element elementor-element-7ddbbb8\" data-id=\"7ddbbb8\" data-element_type=\"column\" data-e-type=\"column\">\n\t\t\t<div class=\"elementor-widget-wrap elementor-element-populated\">\n\t\t\t\t\t\t<section class=\"elementor-section elementor-inner-section elementor-element elementor-element-45f11b2 elementor-section-content-middle elementor-reverse-tablet elementor-reverse-mobile elementor-section-boxed elementor-section-height-default elementor-section-height-default\" data-id=\"45f11b2\" data-element_type=\"section\" data-e-type=\"section\">\n\t\t\t\t\t\t<div class=\"elementor-container elementor-column-gap-default\">\n\t\t\t\t\t<div class=\"elementor-column elementor-col-50 elementor-inner-column elementor-element elementor-element-efd209a\" data-id=\"efd209a\" data-element_type=\"column\" data-e-type=\"column\">\n\t\t\t<div class=\"elementor-widget-wrap elementor-element-populated\">\n\t\t\t\t\t\t<div class=\"elementor-element elementor-element-31ebc93 elementor-widget-mobile__width-inherit elementor-invisible elementor-widget elementor-widget-heading\" data-id=\"31ebc93\" data-element_type=\"widget\" data-e-type=\"widget\" data-settings=\"{&quot;_animation&quot;:&quot;fadeInUp&quot;}\" data-widget_type=\"heading.default\">\n\t\t\t\t<div class=\"elementor-widget-container\">\n\t\t\t\t\t<h4 class=\"elementor-heading-title elementor-size-default\">HISTOIRE EMBL\u00c9MATIQUE<\/h4>\t\t\t\t<\/div>\n\t\t\t\t<\/div>\n\t\t\t\t<div class=\"elementor-element elementor-element-5c144f0 font-Headliner elementor-invisible elementor-widget elementor-widget-heading\" data-id=\"5c144f0\" data-element_type=\"widget\" data-e-type=\"widget\" data-settings=\"{&quot;_animation&quot;:&quot;fadeInUp&quot;,&quot;_animation_delay&quot;:400}\" data-widget_type=\"heading.default\">\n\t\t\t\t<div class=\"elementor-widget-container\">\n\t\t\t\t\t<h1 class=\"elementor-heading-title elementor-size-default\">Arachides au cornichon \u00e0 l'aneth de Dunn\u2019s<\/h1>\t\t\t\t<\/div>\n\t\t\t\t<\/div>\n\t\t\t\t<div class=\"elementor-element elementor-element-9c8121e font-Headliner elementor-widget-mobile__width-inherit elementor-hidden-desktop elementor-hidden-tablet elementor-hidden-mobile elementor-invisible elementor-widget elementor-widget-heading\" data-id=\"9c8121e\" data-element_type=\"widget\" data-e-type=\"widget\" data-settings=\"{&quot;_animation&quot;:&quot;fadeInUp&quot;,&quot;_animation_delay&quot;:400}\" data-widget_type=\"heading.default\">\n\t\t\t\t<div class=\"elementor-widget-container\">\n\t\t\t\t\t<h4 class=\"elementor-heading-title elementor-size-default\">$23.99<\/h4>\t\t\t\t<\/div>\n\t\t\t\t<\/div>\n\t\t\t\t<div class=\"elementor-element elementor-element-21b9f9c elementor-widget__width-initial elementor-invisible elementor-widget elementor-widget-heading\" data-id=\"21b9f9c\" data-element_type=\"widget\" data-e-type=\"widget\" data-settings=\"{&quot;_animation&quot;:&quot;fadeInUp&quot;,&quot;_animation_delay&quot;:800}\" data-widget_type=\"heading.default\">\n\t\t\t\t<div class=\"elementor-widget-container\">\n\t\t\t\t\t<p class=\"elementor-heading-title elementor-size-default\">Satisfaites vos envies de collation avec une fusion d\u00e9licieuse de croustillant et de piquant. Les arachides au cornichon \u00e0 l'aneth de Dunn\u2019s offrent un parfait \u00e9quilibre entre les arachides sal\u00e9es et le go\u00fbt acidul\u00e9 du cornichon \u00e0 l'aneth.<\/p>\t\t\t\t<\/div>\n\t\t\t\t<\/div>\n\t\t\t\t<div class=\"elementor-element elementor-element-d23db2d elementor-widget__width-initial elementor-hidden-desktop elementor-hidden-tablet elementor-hidden-mobile elementor-invisible elementor-widget elementor-widget-heading\" data-id=\"d23db2d\" data-element_type=\"widget\" data-e-type=\"widget\" data-settings=\"{&quot;_animation&quot;:&quot;fadeInUp&quot;,&quot;_animation_delay&quot;:1200}\" data-widget_type=\"heading.default\">\n\t\t\t\t<div class=\"elementor-widget-container\">\n\t\t\t\t\t<p class=\"elementor-heading-title elementor-size-default\">Disponible chez :<\/p>\t\t\t\t<\/div>\n\t\t\t\t<\/div>\n\t\t\t\t<div class=\"elementor-element elementor-element-4b0a0d1 gallery-spacing-custom gGallert2 elementor-hidden-desktop elementor-hidden-tablet elementor-hidden-mobile elementor-widget elementor-widget-image-gallery\" data-id=\"4b0a0d1\" data-element_type=\"widget\" data-e-type=\"widget\" data-widget_type=\"image-gallery.default\">\n\t\t\t\t<div class=\"elementor-widget-container\">\n\t\t\t\t\t\t\t<div class=\"elementor-image-gallery\">\n\t\t\t<div id='gallery-1' class='gallery galleryid-206 gallery-columns-4 gallery-size-thumbnail'><dl class='gallery-item'>\n\t\t\t<dt class='gallery-icon landscape'>\n\t\t\t\t<img decoding=\"async\" width=\"150\" height=\"42\" src=\"https:\/\/dunnsfamous.com\/wp-content\/uploads\/2023\/11\/Group-1.svg\" class=\"attachment-thumbnail size-thumbnail\" alt=\"\" \/>\n\t\t\t<\/dt><\/dl><dl class='gallery-item'>\n\t\t\t<dt class='gallery-icon landscape'>\n\t\t\t\t<img decoding=\"async\" width=\"150\" height=\"33\" src=\"https:\/\/dunnsfamous.com\/wp-content\/uploads\/2023\/11\/Vector.svg\" class=\"attachment-thumbnail size-thumbnail\" alt=\"\" \/>\n\t\t\t<\/dt><\/dl><dl class='gallery-item'>\n\t\t\t<dt class='gallery-icon landscape'>\n\t\t\t\t<img decoding=\"async\" width=\"100\" height=\"31\" src=\"https:\/\/dunnsfamous.com\/wp-content\/uploads\/2023\/11\/Group-2.svg\" class=\"attachment-thumbnail size-thumbnail\" alt=\"\" \/>\n\t\t\t<\/dt><\/dl><dl class='gallery-item'>\n\t\t\t<dt class='gallery-icon landscape'>\n\t\t\t\t<img loading=\"lazy\" decoding=\"async\" width=\"150\" height=\"36\" src=\"https:\/\/dunnsfamous.com\/wp-content\/uploads\/2023\/11\/Group.svg\" class=\"attachment-thumbnail size-thumbnail\" alt=\"\" \/>\n\t\t\t<\/dt><\/dl><br style=\"clear: both\" \/>\n\t\t<\/div>\n\t\t<\/div>\n\t\t\t\t\t\t<\/div>\n\t\t\t\t<\/div>\n\t\t\t\t\t<\/div>\n\t\t<\/div>\n\t\t\t\t<div class=\"elementor-column elementor-col-50 elementor-inner-column elementor-element elementor-element-c27430e\" data-id=\"c27430e\" data-element_type=\"column\" data-e-type=\"column\">\n\t\t\t<div class=\"elementor-widget-wrap elementor-element-populated\">\n\t\t\t\t\t\t<div class=\"elementor-element elementor-element-9d579b6 elementor-widget elementor-widget-image\" data-id=\"9d579b6\" data-element_type=\"widget\" data-e-type=\"widget\" data-widget_type=\"image.default\">\n\t\t\t\t<div class=\"elementor-widget-container\">\n\t\t\t\t\t\t\t\t\t\t\t\t\t\t\t<img loading=\"lazy\" decoding=\"async\" width=\"1200\" height=\"1579\" src=\"https:\/\/dunnsfamous.com\/wp-content\/uploads\/2023\/11\/Dunns_300g-Dill-Pickle-Peanuts-Visual-1.png\" class=\"attachment-full size-full wp-image-4896\" alt=\"\" srcset=\"https:\/\/dunnsfamous.com\/wp-content\/uploads\/2023\/11\/Dunns_300g-Dill-Pickle-Peanuts-Visual-1.png 1200w, https:\/\/dunnsfamous.com\/wp-content\/uploads\/2023\/11\/Dunns_300g-Dill-Pickle-Peanuts-Visual-1-778x1024.png 778w, https:\/\/dunnsfamous.com\/wp-content\/uploads\/2023\/11\/Dunns_300g-Dill-Pickle-Peanuts-Visual-1-768x1011.png 768w, https:\/\/dunnsfamous.com\/wp-content\/uploads\/2023\/11\/Dunns_300g-Dill-Pickle-Peanuts-Visual-1-1167x1536.png 1167w, https:\/\/dunnsfamous.com\/wp-content\/uploads\/2023\/11\/Dunns_300g-Dill-Pickle-Peanuts-Visual-1-9x12.png 9w\" sizes=\"(max-width: 1200px) 100vw, 1200px\" \/>\t\t\t\t\t\t\t\t\t\t\t\t\t\t\t<\/div>\n\t\t\t\t<\/div>\n\t\t\t\t\t<\/div>\n\t\t<\/div>\n\t\t\t\t\t<\/div>\n\t\t<\/section>\n\t\t\t\t\t<\/div>\n\t\t<\/div>\n\t\t\t\t\t<\/div>\n\t\t<\/section>\n\t\t\t\t<\/div>","protected":false},"excerpt":{"rendered":"<p>Satisfy your snack cravings with a delightful fusion of crunch and tanginess. Dunn&#8217;s Dill Pickle Peanuts offer the perfect balance of salty peanuts and zesty dill pickle flavor.<\/p>","protected":false},"featured_media":4896,"template":"","class_list":["post-206","product","type-product","status-publish","has-post-thumbnail","hentry"],"acf":[],"yoast_head":"<!-- This site is optimized with the Yoast SEO plugin v27.3 - https:\/\/yoast.com\/product\/yoast-seo-wordpress\/ -->\n<title>Order Dunn\u2019s Dill Pickle Peanuts |<\/title>\n<meta name=\"description\" content=\"Experience the zesty, bold taste of Dunn\u2019s Dill Pickle Peanuts. A crunchy snack packed with pickle flavor. Order Now!\" \/>\n<meta name=\"robots\" content=\"index, follow, max-snippet:-1, max-image-preview:large, max-video-preview:-1\" \/>\n<link rel=\"canonical\" href=\"https:\/\/dunnsfamous.com\/fr\/product\/dunns-dill-pickle-peanuts\/\" \/>\n<meta property=\"og:locale\" content=\"fr_CA\" \/>\n<meta property=\"og:type\" content=\"article\" \/>\n<meta property=\"og:title\" content=\"Order Dunn\u2019s Dill Pickle Peanuts |\" \/>\n<meta property=\"og:description\" content=\"Experience the zesty, bold taste of Dunn\u2019s Dill Pickle Peanuts. A crunchy snack packed with pickle flavor. Order Now!\" \/>\n<meta property=\"og:url\" content=\"https:\/\/dunnsfamous.com\/fr\/product\/dunns-dill-pickle-peanuts\/\" \/>\n<meta property=\"og:site_name\" content=\"Dunns famous\" \/>\n<meta property=\"article:publisher\" content=\"https:\/\/www.facebook.com\/dunnsfamous\" \/>\n<meta property=\"article:modified_time\" content=\"2025-10-06T11:16:04+00:00\" \/>\n<meta property=\"og:image\" content=\"https:\/\/dunnsfamous.com\/wp-content\/uploads\/2023\/11\/Dunns_300g-Dill-Pickle-Peanuts-Visual-1.png\" \/>\n\t<meta property=\"og:image:width\" content=\"1200\" \/>\n\t<meta property=\"og:image:height\" content=\"1579\" \/>\n\t<meta property=\"og:image:type\" content=\"image\/png\" \/>\n<meta name=\"twitter:card\" content=\"summary_large_image\" \/>\n<meta name=\"twitter:label1\" content=\"Estimation du temps de lecture\" \/>\n\t<meta name=\"twitter:data1\" content=\"2 minutes\" \/>\n<script type=\"application\/ld+json\" class=\"yoast-schema-graph\">{\"@context\":\"https:\\\/\\\/schema.org\",\"@graph\":[{\"@type\":\"WebPage\",\"@id\":\"https:\\\/\\\/dunnsfamous.com\\\/product\\\/dunns-dill-pickle-peanuts\\\/\",\"url\":\"https:\\\/\\\/dunnsfamous.com\\\/product\\\/dunns-dill-pickle-peanuts\\\/\",\"name\":\"Order Dunn\u2019s Dill Pickle Peanuts |\",\"isPartOf\":{\"@id\":\"https:\\\/\\\/dunnsfamous.com\\\/#website\"},\"primaryImageOfPage\":{\"@id\":\"https:\\\/\\\/dunnsfamous.com\\\/product\\\/dunns-dill-pickle-peanuts\\\/#primaryimage\"},\"image\":{\"@id\":\"https:\\\/\\\/dunnsfamous.com\\\/product\\\/dunns-dill-pickle-peanuts\\\/#primaryimage\"},\"thumbnailUrl\":\"https:\\\/\\\/dunnsfamous.com\\\/wp-content\\\/uploads\\\/2023\\\/11\\\/Dunns_300g-Dill-Pickle-Peanuts-Visual-1.png\",\"datePublished\":\"2023-11-05T16:06:47+00:00\",\"dateModified\":\"2025-10-06T11:16:04+00:00\",\"description\":\"Experience the zesty, bold taste of Dunn\u2019s Dill Pickle Peanuts. A crunchy snack packed with pickle flavor. Order Now!\",\"breadcrumb\":{\"@id\":\"https:\\\/\\\/dunnsfamous.com\\\/product\\\/dunns-dill-pickle-peanuts\\\/#breadcrumb\"},\"inLanguage\":\"fr-CA\",\"potentialAction\":[{\"@type\":\"ReadAction\",\"target\":[\"https:\\\/\\\/dunnsfamous.com\\\/product\\\/dunns-dill-pickle-peanuts\\\/\"]}]},{\"@type\":\"ImageObject\",\"inLanguage\":\"fr-CA\",\"@id\":\"https:\\\/\\\/dunnsfamous.com\\\/product\\\/dunns-dill-pickle-peanuts\\\/#primaryimage\",\"url\":\"https:\\\/\\\/dunnsfamous.com\\\/wp-content\\\/uploads\\\/2023\\\/11\\\/Dunns_300g-Dill-Pickle-Peanuts-Visual-1.png\",\"contentUrl\":\"https:\\\/\\\/dunnsfamous.com\\\/wp-content\\\/uploads\\\/2023\\\/11\\\/Dunns_300g-Dill-Pickle-Peanuts-Visual-1.png\",\"width\":1200,\"height\":1579},{\"@type\":\"BreadcrumbList\",\"@id\":\"https:\\\/\\\/dunnsfamous.com\\\/product\\\/dunns-dill-pickle-peanuts\\\/#breadcrumb\",\"itemListElement\":[{\"@type\":\"ListItem\",\"position\":1,\"name\":\"Home\",\"item\":\"https:\\\/\\\/dunnsfamous.com\\\/\"},{\"@type\":\"ListItem\",\"position\":2,\"name\":\"Dunn&#8217;s Dill Pickle Peanuts\"}]},{\"@type\":\"WebSite\",\"@id\":\"https:\\\/\\\/dunnsfamous.com\\\/#website\",\"url\":\"https:\\\/\\\/dunnsfamous.com\\\/\",\"name\":\"Dunn's Famous\",\"description\":\"\",\"publisher\":{\"@id\":\"https:\\\/\\\/dunnsfamous.com\\\/#organization\"},\"potentialAction\":[{\"@type\":\"SearchAction\",\"target\":{\"@type\":\"EntryPoint\",\"urlTemplate\":\"https:\\\/\\\/dunnsfamous.com\\\/?s={search_term_string}\"},\"query-input\":{\"@type\":\"PropertyValueSpecification\",\"valueRequired\":true,\"valueName\":\"search_term_string\"}}],\"inLanguage\":\"fr-CA\"},{\"@type\":\"Organization\",\"@id\":\"https:\\\/\\\/dunnsfamous.com\\\/#organization\",\"name\":\"Dunn's Famous\",\"url\":\"https:\\\/\\\/dunnsfamous.com\\\/\",\"logo\":{\"@type\":\"ImageObject\",\"inLanguage\":\"fr-CA\",\"@id\":\"https:\\\/\\\/dunnsfamous.com\\\/#\\\/schema\\\/logo\\\/image\\\/\",\"url\":\"https:\\\/\\\/dunnsfamous.com\\\/wp-content\\\/uploads\\\/2023\\\/11\\\/Dunn_s_Logo_Black.svg\",\"contentUrl\":\"https:\\\/\\\/dunnsfamous.com\\\/wp-content\\\/uploads\\\/2023\\\/11\\\/Dunn_s_Logo_Black.svg\",\"width\":579,\"height\":308,\"caption\":\"Dunn's Famous\"},\"image\":{\"@id\":\"https:\\\/\\\/dunnsfamous.com\\\/#\\\/schema\\\/logo\\\/image\\\/\"},\"sameAs\":[\"https:\\\/\\\/www.facebook.com\\\/dunnsfamous\",\"https:\\\/\\\/www.tiktok.com\\\/@dunnsfamous\",\"https:\\\/\\\/g.co\\\/kgs\\\/edXhQPe\",\"https:\\\/\\\/www.yelp.com\\\/biz\\\/dunns-montreal\",\"https:\\\/\\\/www.instagram.com\\\/dunnsfamous\\\/\"]}]}<\/script>\n<!-- \/ Yoast SEO plugin. -->","yoast_head_json":{"title":"Order Dunn\u2019s Dill Pickle Peanuts |","description":"D\u00e9couvrez le go\u00fbt relev\u00e9 et audacieux des arachides \u00e0 l\u2019aneth de Dunn\u2019s. Une collation croquante au bon go\u00fbt de cornichon. Commandez maintenant\u202f!","robots":{"index":"index","follow":"follow","max-snippet":"max-snippet:-1","max-image-preview":"max-image-preview:large","max-video-preview":"max-video-preview:-1"},"canonical":"https:\/\/dunnsfamous.com\/fr\/product\/dunns-dill-pickle-peanuts\/","og_locale":"fr_CA","og_type":"article","og_title":"Order Dunn\u2019s Dill Pickle Peanuts |","og_description":"Experience the zesty, bold taste of Dunn\u2019s Dill Pickle Peanuts. A crunchy snack packed with pickle flavor. Order Now!","og_url":"https:\/\/dunnsfamous.com\/fr\/product\/dunns-dill-pickle-peanuts\/","og_site_name":"Dunns famous","article_publisher":"https:\/\/www.facebook.com\/dunnsfamous","article_modified_time":"2025-10-06T11:16:04+00:00","og_image":[{"width":1200,"height":1579,"url":"https:\/\/dunnsfamous.com\/wp-content\/uploads\/2023\/11\/Dunns_300g-Dill-Pickle-Peanuts-Visual-1.png","type":"image\/png"}],"twitter_card":"summary_large_image","twitter_misc":{"Estimation du temps de lecture":"2 minutes"},"schema":{"@context":"https:\/\/schema.org","@graph":[{"@type":"WebPage","@id":"https:\/\/dunnsfamous.com\/product\/dunns-dill-pickle-peanuts\/","url":"https:\/\/dunnsfamous.com\/product\/dunns-dill-pickle-peanuts\/","name":"Order Dunn\u2019s Dill Pickle Peanuts |","isPartOf":{"@id":"https:\/\/dunnsfamous.com\/#website"},"primaryImageOfPage":{"@id":"https:\/\/dunnsfamous.com\/product\/dunns-dill-pickle-peanuts\/#primaryimage"},"image":{"@id":"https:\/\/dunnsfamous.com\/product\/dunns-dill-pickle-peanuts\/#primaryimage"},"thumbnailUrl":"https:\/\/dunnsfamous.com\/wp-content\/uploads\/2023\/11\/Dunns_300g-Dill-Pickle-Peanuts-Visual-1.png","datePublished":"2023-11-05T16:06:47+00:00","dateModified":"2025-10-06T11:16:04+00:00","description":"D\u00e9couvrez le go\u00fbt relev\u00e9 et audacieux des arachides \u00e0 l\u2019aneth de Dunn\u2019s. Une collation croquante au bon go\u00fbt de cornichon. Commandez maintenant\u202f!","breadcrumb":{"@id":"https:\/\/dunnsfamous.com\/product\/dunns-dill-pickle-peanuts\/#breadcrumb"},"inLanguage":"fr-CA","potentialAction":[{"@type":"ReadAction","target":["https:\/\/dunnsfamous.com\/product\/dunns-dill-pickle-peanuts\/"]}]},{"@type":"ImageObject","inLanguage":"fr-CA","@id":"https:\/\/dunnsfamous.com\/product\/dunns-dill-pickle-peanuts\/#primaryimage","url":"https:\/\/dunnsfamous.com\/wp-content\/uploads\/2023\/11\/Dunns_300g-Dill-Pickle-Peanuts-Visual-1.png","contentUrl":"https:\/\/dunnsfamous.com\/wp-content\/uploads\/2023\/11\/Dunns_300g-Dill-Pickle-Peanuts-Visual-1.png","width":1200,"height":1579},{"@type":"BreadcrumbList","@id":"https:\/\/dunnsfamous.com\/product\/dunns-dill-pickle-peanuts\/#breadcrumb","itemListElement":[{"@type":"ListItem","position":1,"name":"Home","item":"https:\/\/dunnsfamous.com\/"},{"@type":"ListItem","position":2,"name":"Dunn&#8217;s Dill Pickle Peanuts"}]},{"@type":"WebSite","@id":"https:\/\/dunnsfamous.com\/#website","url":"https:\/\/dunnsfamous.com\/","name":"Dunn's Famous","description":"","publisher":{"@id":"https:\/\/dunnsfamous.com\/#organization"},"potentialAction":[{"@type":"SearchAction","target":{"@type":"EntryPoint","urlTemplate":"https:\/\/dunnsfamous.com\/?s={search_term_string}"},"query-input":{"@type":"PropertyValueSpecification","valueRequired":true,"valueName":"search_term_string"}}],"inLanguage":"fr-CA"},{"@type":"Organization","@id":"https:\/\/dunnsfamous.com\/#organization","name":"Dunn's Famous","url":"https:\/\/dunnsfamous.com\/","logo":{"@type":"ImageObject","inLanguage":"fr-CA","@id":"https:\/\/dunnsfamous.com\/#\/schema\/logo\/image\/","url":"https:\/\/dunnsfamous.com\/wp-content\/uploads\/2023\/11\/Dunn_s_Logo_Black.svg","contentUrl":"https:\/\/dunnsfamous.com\/wp-content\/uploads\/2023\/11\/Dunn_s_Logo_Black.svg","width":579,"height":308,"caption":"Dunn's Famous"},"image":{"@id":"https:\/\/dunnsfamous.com\/#\/schema\/logo\/image\/"},"sameAs":["https:\/\/www.facebook.com\/dunnsfamous","https:\/\/www.tiktok.com\/@dunnsfamous","https:\/\/g.co\/kgs\/edXhQPe","https:\/\/www.yelp.com\/biz\/dunns-montreal","https:\/\/www.instagram.com\/dunnsfamous\/"]}]}},"_links":{"self":[{"href":"https:\/\/dunnsfamous.com\/fr\/wp-json\/wp\/v2\/product\/206","targetHints":{"allow":["GET"]}}],"collection":[{"href":"https:\/\/dunnsfamous.com\/fr\/wp-json\/wp\/v2\/product"}],"about":[{"href":"https:\/\/dunnsfamous.com\/fr\/wp-json\/wp\/v2\/types\/product"}],"version-history":[{"count":0,"href":"https:\/\/dunnsfamous.com\/fr\/wp-json\/wp\/v2\/product\/206\/revisions"}],"wp:featuredmedia":[{"embeddable":true,"href":"https:\/\/dunnsfamous.com\/fr\/wp-json\/wp\/v2\/media\/4896"}],"wp:attachment":[{"href":"https:\/\/dunnsfamous.com\/fr\/wp-json\/wp\/v2\/media?parent=206"}],"curies":[{"name":"wp","href":"https:\/\/api.w.org\/{rel}","templated":true}]}}