{"id":4958,"date":"2024-10-11T22:53:35","date_gmt":"2024-10-11T22:53:35","guid":{"rendered":"https:\/\/dunnsfamous.com\/?post_type=product&#038;p=4958"},"modified":"2025-02-14T17:53:09","modified_gmt":"2025-02-14T17:53:09","slug":"dunns-bbq-peanut-sachet-box","status":"publish","type":"product","link":"https:\/\/dunnsfamous.com\/fr\/product\/dunns-bbq-peanut-sachet-box\/","title":{"rendered":"Dunn&#8217;s BBQ peanut Sachet Box"},"content":{"rendered":"<div data-elementor-type=\"wp-post\" data-elementor-id=\"4958\" class=\"elementor elementor-4958\" data-elementor-post-type=\"product\">\n\t\t\t\t\t\t<section class=\"elementor-section elementor-top-section elementor-element elementor-element-5d80d0a6 elementor-section-boxed elementor-section-height-default elementor-section-height-default\" data-id=\"5d80d0a6\" data-element_type=\"section\" data-e-type=\"section\" data-settings=\"{&quot;background_background&quot;:&quot;classic&quot;}\">\n\t\t\t\t\t\t<div class=\"elementor-container elementor-column-gap-default\">\n\t\t\t\t\t<div class=\"elementor-column elementor-col-100 elementor-top-column elementor-element elementor-element-7712b376\" data-id=\"7712b376\" data-element_type=\"column\" data-e-type=\"column\">\n\t\t\t<div class=\"elementor-widget-wrap elementor-element-populated\">\n\t\t\t\t\t\t<section class=\"elementor-section elementor-inner-section elementor-element elementor-element-72318981 elementor-section-content-middle elementor-reverse-tablet elementor-reverse-mobile elementor-section-boxed elementor-section-height-default elementor-section-height-default\" data-id=\"72318981\" data-element_type=\"section\" data-e-type=\"section\">\n\t\t\t\t\t\t<div class=\"elementor-container elementor-column-gap-default\">\n\t\t\t\t\t<div class=\"elementor-column elementor-col-50 elementor-inner-column elementor-element elementor-element-3f52022c\" data-id=\"3f52022c\" data-element_type=\"column\" data-e-type=\"column\">\n\t\t\t<div class=\"elementor-widget-wrap elementor-element-populated\">\n\t\t\t\t\t\t<div class=\"elementor-element elementor-element-473fcb66 elementor-widget-mobile__width-inherit elementor-invisible elementor-widget elementor-widget-heading\" data-id=\"473fcb66\" data-element_type=\"widget\" data-e-type=\"widget\" data-settings=\"{&quot;_animation&quot;:&quot;fadeInUp&quot;}\" data-widget_type=\"heading.default\">\n\t\t\t\t<div class=\"elementor-widget-container\">\n\t\t\t\t\t<h4 class=\"elementor-heading-title elementor-size-default\">HISTOIRE EMBL\u00c9MATIQUE<\/h4>\t\t\t\t<\/div>\n\t\t\t\t<\/div>\n\t\t\t\t<div class=\"elementor-element elementor-element-6d1852bd font-Headliner elementor-invisible elementor-widget elementor-widget-heading\" data-id=\"6d1852bd\" data-element_type=\"widget\" data-e-type=\"widget\" data-settings=\"{&quot;_animation&quot;:&quot;fadeInUp&quot;,&quot;_animation_delay&quot;:400}\" data-widget_type=\"heading.default\">\n\t\t\t\t<div class=\"elementor-widget-container\">\n\t\t\t\t\t<h1 class=\"elementor-heading-title elementor-size-default\">Bo\u00eete sachet d\u2019arachides BBQ de Dunn\u2019s<\/h1>\t\t\t\t<\/div>\n\t\t\t\t<\/div>\n\t\t\t\t<div class=\"elementor-element elementor-element-5e3d78be font-Headliner elementor-widget-mobile__width-inherit elementor-hidden-desktop elementor-hidden-tablet elementor-hidden-mobile elementor-invisible elementor-widget elementor-widget-heading\" data-id=\"5e3d78be\" data-element_type=\"widget\" data-e-type=\"widget\" data-settings=\"{&quot;_animation&quot;:&quot;fadeInUp&quot;,&quot;_animation_delay&quot;:400}\" data-widget_type=\"heading.default\">\n\t\t\t\t<div class=\"elementor-widget-container\">\n\t\t\t\t\t<h4 class=\"elementor-heading-title elementor-size-default\">$0<\/h4>\t\t\t\t<\/div>\n\t\t\t\t<\/div>\n\t\t\t\t<div class=\"elementor-element elementor-element-3504722d elementor-widget__width-initial elementor-invisible elementor-widget elementor-widget-heading\" data-id=\"3504722d\" data-element_type=\"widget\" data-e-type=\"widget\" data-settings=\"{&quot;_animation&quot;:&quot;fadeInUp&quot;,&quot;_animation_delay&quot;:800}\" data-widget_type=\"heading.default\">\n\t\t\t\t<div class=\"elementor-widget-container\">\n\t\t\t\t\t<p class=\"elementor-heading-title elementor-size-default\">Savourez la richesse fum\u00e9e des arachides BBQ de Dunn\u2019s. Ces arachides sont soigneusement r\u00f4ties et enrob\u00e9es d\u2019un assaisonnement barbecue \u00e0 la fois sucr\u00e9 et savoureux. Emball\u00e9es dans des sachets pratiques elles sont la collation id\u00e9ale \u00e0 emporter ou \u00e0 partager entre amis.<\/p>\t\t\t\t<\/div>\n\t\t\t\t<\/div>\n\t\t\t\t<div class=\"elementor-element elementor-element-6ab4e027 elementor-widget__width-initial elementor-hidden-desktop elementor-hidden-tablet elementor-hidden-mobile elementor-invisible elementor-widget elementor-widget-heading\" data-id=\"6ab4e027\" data-element_type=\"widget\" data-e-type=\"widget\" data-settings=\"{&quot;_animation&quot;:&quot;fadeInUp&quot;,&quot;_animation_delay&quot;:1200}\" data-widget_type=\"heading.default\">\n\t\t\t\t<div class=\"elementor-widget-container\">\n\t\t\t\t\t<p class=\"elementor-heading-title elementor-size-default\">Disponible chez :<\/p>\t\t\t\t<\/div>\n\t\t\t\t<\/div>\n\t\t\t\t<div class=\"elementor-element elementor-element-bf85de6 gallery-spacing-custom gGallert2 elementor-hidden-desktop elementor-hidden-tablet elementor-hidden-mobile elementor-widget elementor-widget-image-gallery\" data-id=\"bf85de6\" data-element_type=\"widget\" data-e-type=\"widget\" data-widget_type=\"image-gallery.default\">\n\t\t\t\t<div class=\"elementor-widget-container\">\n\t\t\t\t\t\t\t<div class=\"elementor-image-gallery\">\n\t\t\t<div id='gallery-1' class='gallery galleryid-4958 gallery-columns-4 gallery-size-thumbnail'><dl class='gallery-item'>\n\t\t\t<dt class='gallery-icon landscape'>\n\t\t\t\t<img decoding=\"async\" width=\"150\" height=\"42\" src=\"https:\/\/dunnsfamous.com\/wp-content\/uploads\/2023\/11\/Group-1.svg\" class=\"attachment-thumbnail size-thumbnail\" alt=\"\" \/>\n\t\t\t<\/dt><\/dl><dl class='gallery-item'>\n\t\t\t<dt class='gallery-icon landscape'>\n\t\t\t\t<img decoding=\"async\" width=\"150\" height=\"33\" src=\"https:\/\/dunnsfamous.com\/wp-content\/uploads\/2023\/11\/Vector.svg\" class=\"attachment-thumbnail size-thumbnail\" alt=\"\" \/>\n\t\t\t<\/dt><\/dl><dl class='gallery-item'>\n\t\t\t<dt class='gallery-icon landscape'>\n\t\t\t\t<img decoding=\"async\" width=\"100\" height=\"31\" src=\"https:\/\/dunnsfamous.com\/wp-content\/uploads\/2023\/11\/Group-2.svg\" class=\"attachment-thumbnail size-thumbnail\" alt=\"\" \/>\n\t\t\t<\/dt><\/dl><dl class='gallery-item'>\n\t\t\t<dt class='gallery-icon landscape'>\n\t\t\t\t<img loading=\"lazy\" decoding=\"async\" width=\"150\" height=\"36\" src=\"https:\/\/dunnsfamous.com\/wp-content\/uploads\/2023\/11\/Group.svg\" class=\"attachment-thumbnail size-thumbnail\" alt=\"\" \/>\n\t\t\t<\/dt><\/dl><br style=\"clear: both\" \/>\n\t\t<\/div>\n\t\t<\/div>\n\t\t\t\t\t\t<\/div>\n\t\t\t\t<\/div>\n\t\t\t\t\t<\/div>\n\t\t<\/div>\n\t\t\t\t<div class=\"elementor-column elementor-col-50 elementor-inner-column elementor-element elementor-element-2a4769f\" data-id=\"2a4769f\" data-element_type=\"column\" data-e-type=\"column\">\n\t\t\t<div class=\"elementor-widget-wrap elementor-element-populated\">\n\t\t\t\t\t\t<div class=\"elementor-element elementor-element-6fd5cbf elementor-widget elementor-widget-image\" data-id=\"6fd5cbf\" data-element_type=\"widget\" data-e-type=\"widget\" data-widget_type=\"image.default\">\n\t\t\t\t<div class=\"elementor-widget-container\">\n\t\t\t\t\t\t\t\t\t\t\t\t\t\t\t<img loading=\"lazy\" decoding=\"async\" width=\"2134\" height=\"2696\" src=\"https:\/\/dunnsfamous.com\/wp-content\/uploads\/2024\/10\/Dunns_Barbecue-Peanuts_Sachet-Display-Box-Mockup-R-1.png\" class=\"attachment-full size-full wp-image-4960\" alt=\"\" srcset=\"https:\/\/dunnsfamous.com\/wp-content\/uploads\/2024\/10\/Dunns_Barbecue-Peanuts_Sachet-Display-Box-Mockup-R-1.png 2134w, https:\/\/dunnsfamous.com\/wp-content\/uploads\/2024\/10\/Dunns_Barbecue-Peanuts_Sachet-Display-Box-Mockup-R-1-811x1024.png 811w, https:\/\/dunnsfamous.com\/wp-content\/uploads\/2024\/10\/Dunns_Barbecue-Peanuts_Sachet-Display-Box-Mockup-R-1-768x970.png 768w, https:\/\/dunnsfamous.com\/wp-content\/uploads\/2024\/10\/Dunns_Barbecue-Peanuts_Sachet-Display-Box-Mockup-R-1-1216x1536.png 1216w, https:\/\/dunnsfamous.com\/wp-content\/uploads\/2024\/10\/Dunns_Barbecue-Peanuts_Sachet-Display-Box-Mockup-R-1-1621x2048.png 1621w, https:\/\/dunnsfamous.com\/wp-content\/uploads\/2024\/10\/Dunns_Barbecue-Peanuts_Sachet-Display-Box-Mockup-R-1-9x12.png 9w\" sizes=\"(max-width: 2134px) 100vw, 2134px\" \/>\t\t\t\t\t\t\t\t\t\t\t\t\t\t\t<\/div>\n\t\t\t\t<\/div>\n\t\t\t\t\t<\/div>\n\t\t<\/div>\n\t\t\t\t\t<\/div>\n\t\t<\/section>\n\t\t\t\t\t<\/div>\n\t\t<\/div>\n\t\t\t\t\t<\/div>\n\t\t<\/section>\n\t\t\t\t<\/div>","protected":false},"excerpt":{"rendered":"<p>Indulge in the smoky goodness of Dunn&#8217;s Barbeque Peanuts. These peanuts are expertly roasted and coated with a rich barbeque seasoning that&#8217;s both sweet and savory. Conveniently packed in sachets, it&#8217;s the perfect snack to enjoy on the go or share with friends.<\/p>","protected":false},"featured_media":4960,"template":"","class_list":["post-4958","product","type-product","status-publish","has-post-thumbnail","hentry"],"acf":[],"yoast_head":"<!-- This site is optimized with the Yoast SEO plugin v27.3 - https:\/\/yoast.com\/product\/yoast-seo-wordpress\/ -->\n<title>Dunn\u2019s BBQ Peanuts \u2013 Smoky &amp; Crunchy Snack<\/title>\n<meta name=\"description\" content=\"Enjoy the rich, smoky taste of Dunn\u2019s BBQ Peanuts. A crunchy, bold snack packed with barbecue flavor. Order Now!\" \/>\n<meta name=\"robots\" content=\"index, follow, max-snippet:-1, max-image-preview:large, max-video-preview:-1\" \/>\n<link rel=\"canonical\" href=\"https:\/\/dunnsfamous.com\/fr\/product\/dunns-bbq-peanut-sachet-box\/\" \/>\n<meta property=\"og:locale\" content=\"fr_CA\" \/>\n<meta property=\"og:type\" content=\"article\" \/>\n<meta property=\"og:title\" content=\"Dunn\u2019s BBQ Peanuts \u2013 Smoky &amp; Crunchy Snack\" \/>\n<meta property=\"og:description\" content=\"Enjoy the rich, smoky taste of Dunn\u2019s BBQ Peanuts. A crunchy, bold snack packed with barbecue flavor. Order Now!\" \/>\n<meta property=\"og:url\" content=\"https:\/\/dunnsfamous.com\/fr\/product\/dunns-bbq-peanut-sachet-box\/\" \/>\n<meta property=\"og:site_name\" content=\"Dunns famous\" \/>\n<meta property=\"article:publisher\" content=\"https:\/\/www.facebook.com\/dunnsfamous\" \/>\n<meta property=\"article:modified_time\" content=\"2025-02-14T17:53:09+00:00\" \/>\n<meta property=\"og:image\" content=\"https:\/\/dunnsfamous.com\/wp-content\/uploads\/2024\/10\/Dunns_Barbecue-Peanuts_Sachet-Display-Box-Mockup-R-1.png\" \/>\n\t<meta property=\"og:image:width\" content=\"2134\" \/>\n\t<meta property=\"og:image:height\" content=\"2696\" \/>\n\t<meta property=\"og:image:type\" content=\"image\/png\" \/>\n<meta name=\"twitter:card\" content=\"summary_large_image\" \/>\n<meta name=\"twitter:label1\" content=\"Estimation du temps de lecture\" \/>\n\t<meta name=\"twitter:data1\" content=\"2 minutes\" \/>\n<script type=\"application\/ld+json\" class=\"yoast-schema-graph\">{\"@context\":\"https:\\\/\\\/schema.org\",\"@graph\":[{\"@type\":\"WebPage\",\"@id\":\"https:\\\/\\\/dunnsfamous.com\\\/product\\\/dunns-bbq-peanut-sachet-box\\\/\",\"url\":\"https:\\\/\\\/dunnsfamous.com\\\/product\\\/dunns-bbq-peanut-sachet-box\\\/\",\"name\":\"Dunn\u2019s BBQ Peanuts \u2013 Smoky & Crunchy Snack\",\"isPartOf\":{\"@id\":\"https:\\\/\\\/dunnsfamous.com\\\/#website\"},\"primaryImageOfPage\":{\"@id\":\"https:\\\/\\\/dunnsfamous.com\\\/product\\\/dunns-bbq-peanut-sachet-box\\\/#primaryimage\"},\"image\":{\"@id\":\"https:\\\/\\\/dunnsfamous.com\\\/product\\\/dunns-bbq-peanut-sachet-box\\\/#primaryimage\"},\"thumbnailUrl\":\"https:\\\/\\\/dunnsfamous.com\\\/wp-content\\\/uploads\\\/2024\\\/10\\\/Dunns_Barbecue-Peanuts_Sachet-Display-Box-Mockup-R-1.png\",\"datePublished\":\"2024-10-11T22:53:35+00:00\",\"dateModified\":\"2025-02-14T17:53:09+00:00\",\"description\":\"Enjoy the rich, smoky taste of Dunn\u2019s BBQ Peanuts. A crunchy, bold snack packed with barbecue flavor. Order Now!\",\"breadcrumb\":{\"@id\":\"https:\\\/\\\/dunnsfamous.com\\\/product\\\/dunns-bbq-peanut-sachet-box\\\/#breadcrumb\"},\"inLanguage\":\"fr-CA\",\"potentialAction\":[{\"@type\":\"ReadAction\",\"target\":[\"https:\\\/\\\/dunnsfamous.com\\\/product\\\/dunns-bbq-peanut-sachet-box\\\/\"]}]},{\"@type\":\"ImageObject\",\"inLanguage\":\"fr-CA\",\"@id\":\"https:\\\/\\\/dunnsfamous.com\\\/product\\\/dunns-bbq-peanut-sachet-box\\\/#primaryimage\",\"url\":\"https:\\\/\\\/dunnsfamous.com\\\/wp-content\\\/uploads\\\/2024\\\/10\\\/Dunns_Barbecue-Peanuts_Sachet-Display-Box-Mockup-R-1.png\",\"contentUrl\":\"https:\\\/\\\/dunnsfamous.com\\\/wp-content\\\/uploads\\\/2024\\\/10\\\/Dunns_Barbecue-Peanuts_Sachet-Display-Box-Mockup-R-1.png\",\"width\":2134,\"height\":2696},{\"@type\":\"BreadcrumbList\",\"@id\":\"https:\\\/\\\/dunnsfamous.com\\\/product\\\/dunns-bbq-peanut-sachet-box\\\/#breadcrumb\",\"itemListElement\":[{\"@type\":\"ListItem\",\"position\":1,\"name\":\"Home\",\"item\":\"https:\\\/\\\/dunnsfamous.com\\\/\"},{\"@type\":\"ListItem\",\"position\":2,\"name\":\"Dunn&#8217;s BBQ peanut Sachet Box\"}]},{\"@type\":\"WebSite\",\"@id\":\"https:\\\/\\\/dunnsfamous.com\\\/#website\",\"url\":\"https:\\\/\\\/dunnsfamous.com\\\/\",\"name\":\"Dunn's Famous\",\"description\":\"\",\"publisher\":{\"@id\":\"https:\\\/\\\/dunnsfamous.com\\\/#organization\"},\"potentialAction\":[{\"@type\":\"SearchAction\",\"target\":{\"@type\":\"EntryPoint\",\"urlTemplate\":\"https:\\\/\\\/dunnsfamous.com\\\/?s={search_term_string}\"},\"query-input\":{\"@type\":\"PropertyValueSpecification\",\"valueRequired\":true,\"valueName\":\"search_term_string\"}}],\"inLanguage\":\"fr-CA\"},{\"@type\":\"Organization\",\"@id\":\"https:\\\/\\\/dunnsfamous.com\\\/#organization\",\"name\":\"Dunn's Famous\",\"url\":\"https:\\\/\\\/dunnsfamous.com\\\/\",\"logo\":{\"@type\":\"ImageObject\",\"inLanguage\":\"fr-CA\",\"@id\":\"https:\\\/\\\/dunnsfamous.com\\\/#\\\/schema\\\/logo\\\/image\\\/\",\"url\":\"https:\\\/\\\/dunnsfamous.com\\\/wp-content\\\/uploads\\\/2023\\\/11\\\/Dunn_s_Logo_Black.svg\",\"contentUrl\":\"https:\\\/\\\/dunnsfamous.com\\\/wp-content\\\/uploads\\\/2023\\\/11\\\/Dunn_s_Logo_Black.svg\",\"width\":579,\"height\":308,\"caption\":\"Dunn's Famous\"},\"image\":{\"@id\":\"https:\\\/\\\/dunnsfamous.com\\\/#\\\/schema\\\/logo\\\/image\\\/\"},\"sameAs\":[\"https:\\\/\\\/www.facebook.com\\\/dunnsfamous\",\"https:\\\/\\\/www.tiktok.com\\\/@dunnsfamous\",\"https:\\\/\\\/g.co\\\/kgs\\\/edXhQPe\",\"https:\\\/\\\/www.yelp.com\\\/biz\\\/dunns-montreal\",\"https:\\\/\\\/www.instagram.com\\\/dunnsfamous\\\/\"]}]}<\/script>\n<!-- \/ Yoast SEO plugin. -->","yoast_head_json":{"title":"Dunn\u2019s BBQ Peanuts \u2013 Smoky & Crunchy Snack","description":"Savourez le go\u00fbt riche et fum\u00e9 des arachides BBQ de Dunn\u2019s. Une collation croquante et audacieuse, pleine de saveur barbecue.","robots":{"index":"index","follow":"follow","max-snippet":"max-snippet:-1","max-image-preview":"max-image-preview:large","max-video-preview":"max-video-preview:-1"},"canonical":"https:\/\/dunnsfamous.com\/fr\/product\/dunns-bbq-peanut-sachet-box\/","og_locale":"fr_CA","og_type":"article","og_title":"Dunn\u2019s BBQ Peanuts \u2013 Smoky & Crunchy Snack","og_description":"Enjoy the rich, smoky taste of Dunn\u2019s BBQ Peanuts. A crunchy, bold snack packed with barbecue flavor. Order Now!","og_url":"https:\/\/dunnsfamous.com\/fr\/product\/dunns-bbq-peanut-sachet-box\/","og_site_name":"Dunns famous","article_publisher":"https:\/\/www.facebook.com\/dunnsfamous","article_modified_time":"2025-02-14T17:53:09+00:00","og_image":[{"width":2134,"height":2696,"url":"https:\/\/dunnsfamous.com\/wp-content\/uploads\/2024\/10\/Dunns_Barbecue-Peanuts_Sachet-Display-Box-Mockup-R-1.png","type":"image\/png"}],"twitter_card":"summary_large_image","twitter_misc":{"Estimation du temps de lecture":"2 minutes"},"schema":{"@context":"https:\/\/schema.org","@graph":[{"@type":"WebPage","@id":"https:\/\/dunnsfamous.com\/product\/dunns-bbq-peanut-sachet-box\/","url":"https:\/\/dunnsfamous.com\/product\/dunns-bbq-peanut-sachet-box\/","name":"Dunn\u2019s BBQ Peanuts \u2013 Smoky & Crunchy Snack","isPartOf":{"@id":"https:\/\/dunnsfamous.com\/#website"},"primaryImageOfPage":{"@id":"https:\/\/dunnsfamous.com\/product\/dunns-bbq-peanut-sachet-box\/#primaryimage"},"image":{"@id":"https:\/\/dunnsfamous.com\/product\/dunns-bbq-peanut-sachet-box\/#primaryimage"},"thumbnailUrl":"https:\/\/dunnsfamous.com\/wp-content\/uploads\/2024\/10\/Dunns_Barbecue-Peanuts_Sachet-Display-Box-Mockup-R-1.png","datePublished":"2024-10-11T22:53:35+00:00","dateModified":"2025-02-14T17:53:09+00:00","description":"Savourez le go\u00fbt riche et fum\u00e9 des arachides BBQ de Dunn\u2019s. Une collation croquante et audacieuse, pleine de saveur barbecue.","breadcrumb":{"@id":"https:\/\/dunnsfamous.com\/product\/dunns-bbq-peanut-sachet-box\/#breadcrumb"},"inLanguage":"fr-CA","potentialAction":[{"@type":"ReadAction","target":["https:\/\/dunnsfamous.com\/product\/dunns-bbq-peanut-sachet-box\/"]}]},{"@type":"ImageObject","inLanguage":"fr-CA","@id":"https:\/\/dunnsfamous.com\/product\/dunns-bbq-peanut-sachet-box\/#primaryimage","url":"https:\/\/dunnsfamous.com\/wp-content\/uploads\/2024\/10\/Dunns_Barbecue-Peanuts_Sachet-Display-Box-Mockup-R-1.png","contentUrl":"https:\/\/dunnsfamous.com\/wp-content\/uploads\/2024\/10\/Dunns_Barbecue-Peanuts_Sachet-Display-Box-Mockup-R-1.png","width":2134,"height":2696},{"@type":"BreadcrumbList","@id":"https:\/\/dunnsfamous.com\/product\/dunns-bbq-peanut-sachet-box\/#breadcrumb","itemListElement":[{"@type":"ListItem","position":1,"name":"Home","item":"https:\/\/dunnsfamous.com\/"},{"@type":"ListItem","position":2,"name":"Dunn&#8217;s BBQ peanut Sachet Box"}]},{"@type":"WebSite","@id":"https:\/\/dunnsfamous.com\/#website","url":"https:\/\/dunnsfamous.com\/","name":"Dunn's Famous","description":"","publisher":{"@id":"https:\/\/dunnsfamous.com\/#organization"},"potentialAction":[{"@type":"SearchAction","target":{"@type":"EntryPoint","urlTemplate":"https:\/\/dunnsfamous.com\/?s={search_term_string}"},"query-input":{"@type":"PropertyValueSpecification","valueRequired":true,"valueName":"search_term_string"}}],"inLanguage":"fr-CA"},{"@type":"Organization","@id":"https:\/\/dunnsfamous.com\/#organization","name":"Dunn's Famous","url":"https:\/\/dunnsfamous.com\/","logo":{"@type":"ImageObject","inLanguage":"fr-CA","@id":"https:\/\/dunnsfamous.com\/#\/schema\/logo\/image\/","url":"https:\/\/dunnsfamous.com\/wp-content\/uploads\/2023\/11\/Dunn_s_Logo_Black.svg","contentUrl":"https:\/\/dunnsfamous.com\/wp-content\/uploads\/2023\/11\/Dunn_s_Logo_Black.svg","width":579,"height":308,"caption":"Dunn's Famous"},"image":{"@id":"https:\/\/dunnsfamous.com\/#\/schema\/logo\/image\/"},"sameAs":["https:\/\/www.facebook.com\/dunnsfamous","https:\/\/www.tiktok.com\/@dunnsfamous","https:\/\/g.co\/kgs\/edXhQPe","https:\/\/www.yelp.com\/biz\/dunns-montreal","https:\/\/www.instagram.com\/dunnsfamous\/"]}]}},"_links":{"self":[{"href":"https:\/\/dunnsfamous.com\/fr\/wp-json\/wp\/v2\/product\/4958","targetHints":{"allow":["GET"]}}],"collection":[{"href":"https:\/\/dunnsfamous.com\/fr\/wp-json\/wp\/v2\/product"}],"about":[{"href":"https:\/\/dunnsfamous.com\/fr\/wp-json\/wp\/v2\/types\/product"}],"version-history":[{"count":0,"href":"https:\/\/dunnsfamous.com\/fr\/wp-json\/wp\/v2\/product\/4958\/revisions"}],"wp:featuredmedia":[{"embeddable":true,"href":"https:\/\/dunnsfamous.com\/fr\/wp-json\/wp\/v2\/media\/4960"}],"wp:attachment":[{"href":"https:\/\/dunnsfamous.com\/fr\/wp-json\/wp\/v2\/media?parent=4958"}],"curies":[{"name":"wp","href":"https:\/\/api.w.org\/{rel}","templated":true}]}}