{"id":4965,"date":"2024-10-11T22:56:46","date_gmt":"2024-10-11T22:56:46","guid":{"rendered":"https:\/\/dunnsfamous.com\/?post_type=product&#038;p=4965"},"modified":"2025-12-08T12:48:34","modified_gmt":"2025-12-08T17:48:34","slug":"dunns-dijon-mustard","status":"publish","type":"product","link":"https:\/\/dunnsfamous.com\/fr\/product\/dunns-dijon-mustard\/","title":{"rendered":"Moutarde de Dijon de Dunn\u2019s"},"content":{"rendered":"<div data-elementor-type=\"wp-post\" data-elementor-id=\"4965\" class=\"elementor elementor-4965\" data-elementor-post-type=\"product\">\n\t\t\t\t\t\t<section class=\"elementor-section elementor-top-section elementor-element elementor-element-17f22334 elementor-section-boxed elementor-section-height-default elementor-section-height-default\" data-id=\"17f22334\" data-element_type=\"section\" data-e-type=\"section\" data-settings=\"{&quot;background_background&quot;:&quot;classic&quot;}\">\n\t\t\t\t\t\t<div class=\"elementor-container elementor-column-gap-default\">\n\t\t\t\t\t<div class=\"elementor-column elementor-col-100 elementor-top-column elementor-element elementor-element-19a5a394\" data-id=\"19a5a394\" data-element_type=\"column\" data-e-type=\"column\">\n\t\t\t<div class=\"elementor-widget-wrap elementor-element-populated\">\n\t\t\t\t\t\t<section class=\"elementor-section elementor-inner-section elementor-element elementor-element-42fb0ee0 elementor-section-content-middle elementor-reverse-tablet elementor-reverse-mobile elementor-section-boxed elementor-section-height-default elementor-section-height-default\" data-id=\"42fb0ee0\" data-element_type=\"section\" data-e-type=\"section\">\n\t\t\t\t\t\t<div class=\"elementor-container elementor-column-gap-default\">\n\t\t\t\t\t<div class=\"elementor-column elementor-col-50 elementor-inner-column elementor-element elementor-element-559587d9\" data-id=\"559587d9\" data-element_type=\"column\" data-e-type=\"column\">\n\t\t\t<div class=\"elementor-widget-wrap elementor-element-populated\">\n\t\t\t\t\t\t<div class=\"elementor-element elementor-element-30116606 elementor-widget-mobile__width-inherit elementor-invisible elementor-widget elementor-widget-heading\" data-id=\"30116606\" data-element_type=\"widget\" data-e-type=\"widget\" data-settings=\"{&quot;_animation&quot;:&quot;fadeInUp&quot;}\" data-widget_type=\"heading.default\">\n\t\t\t\t<div class=\"elementor-widget-container\">\n\t\t\t\t\t<h4 class=\"elementor-heading-title elementor-size-default\">HISTOIRE EMBL\u00c9MATIQUE<\/h4>\t\t\t\t<\/div>\n\t\t\t\t<\/div>\n\t\t\t\t<div class=\"elementor-element elementor-element-5dbe6b59 font-Headliner elementor-invisible elementor-widget elementor-widget-heading\" data-id=\"5dbe6b59\" data-element_type=\"widget\" data-e-type=\"widget\" data-settings=\"{&quot;_animation&quot;:&quot;fadeInUp&quot;,&quot;_animation_delay&quot;:400}\" data-widget_type=\"heading.default\">\n\t\t\t\t<div class=\"elementor-widget-container\">\n\t\t\t\t\t<h1 class=\"elementor-heading-title elementor-size-default\">Moutarde de Dijon de Dunn\u2019s<\/h1>\t\t\t\t<\/div>\n\t\t\t\t<\/div>\n\t\t\t\t<div class=\"elementor-element elementor-element-59fbcf2c font-Headliner elementor-widget-mobile__width-inherit elementor-hidden-desktop elementor-hidden-tablet elementor-hidden-mobile elementor-invisible elementor-widget elementor-widget-heading\" data-id=\"59fbcf2c\" data-element_type=\"widget\" data-e-type=\"widget\" data-settings=\"{&quot;_animation&quot;:&quot;fadeInUp&quot;,&quot;_animation_delay&quot;:400}\" data-widget_type=\"heading.default\">\n\t\t\t\t<div class=\"elementor-widget-container\">\n\t\t\t\t\t<h4 class=\"elementor-heading-title elementor-size-default\">$0<\/h4>\t\t\t\t<\/div>\n\t\t\t\t<\/div>\n\t\t\t\t<div class=\"elementor-element elementor-element-3a078a14 elementor-widget__width-initial elementor-invisible elementor-widget elementor-widget-heading\" data-id=\"3a078a14\" data-element_type=\"widget\" data-e-type=\"widget\" data-settings=\"{&quot;_animation&quot;:&quot;fadeInUp&quot;,&quot;_animation_delay&quot;:800}\" data-widget_type=\"heading.default\">\n\t\t\t\t<div class=\"elementor-widget-container\">\n\t\t\t\t\t<p class=\"elementor-heading-title elementor-size-default\">Rehaussez vos plats avec le go\u00fbt vif et raffin\u00e9 de la moutarde de Dijon de Dunn\u2019s. Pr\u00e9par\u00e9e avec des graines de moutarde de haute qualit\u00e9 cette moutarde onctueuse et savoureuse ajoute une touche audacieuse et acidul\u00e9e \u00e0 vos repas favoris des sandwiches aux sauces.<\/p>\t\t\t\t<\/div>\n\t\t\t\t<\/div>\n\t\t\t\t<div class=\"elementor-element elementor-element-d3dbea0 elementor-widget__width-initial elementor-hidden-desktop elementor-hidden-tablet elementor-hidden-mobile elementor-invisible elementor-widget elementor-widget-heading\" data-id=\"d3dbea0\" data-element_type=\"widget\" data-e-type=\"widget\" data-settings=\"{&quot;_animation&quot;:&quot;fadeInUp&quot;,&quot;_animation_delay&quot;:1200}\" data-widget_type=\"heading.default\">\n\t\t\t\t<div class=\"elementor-widget-container\">\n\t\t\t\t\t<p class=\"elementor-heading-title elementor-size-default\">Disponible chez :<\/p>\t\t\t\t<\/div>\n\t\t\t\t<\/div>\n\t\t\t\t<div class=\"elementor-element elementor-element-3f36960 gallery-spacing-custom gGallert2 elementor-hidden-desktop elementor-hidden-tablet elementor-hidden-mobile elementor-widget elementor-widget-image-gallery\" data-id=\"3f36960\" data-element_type=\"widget\" data-e-type=\"widget\" data-widget_type=\"image-gallery.default\">\n\t\t\t\t<div class=\"elementor-widget-container\">\n\t\t\t\t\t\t\t<div class=\"elementor-image-gallery\">\n\t\t\t<div id='gallery-1' class='gallery galleryid-4965 gallery-columns-4 gallery-size-thumbnail'><dl class='gallery-item'>\n\t\t\t<dt class='gallery-icon landscape'>\n\t\t\t\t<img decoding=\"async\" width=\"150\" height=\"42\" src=\"https:\/\/dunnsfamous.com\/wp-content\/uploads\/2023\/11\/Group-1.svg\" class=\"attachment-thumbnail size-thumbnail\" alt=\"\" \/>\n\t\t\t<\/dt><\/dl><dl class='gallery-item'>\n\t\t\t<dt class='gallery-icon landscape'>\n\t\t\t\t<img decoding=\"async\" width=\"150\" height=\"33\" src=\"https:\/\/dunnsfamous.com\/wp-content\/uploads\/2023\/11\/Vector.svg\" class=\"attachment-thumbnail size-thumbnail\" alt=\"\" \/>\n\t\t\t<\/dt><\/dl><dl class='gallery-item'>\n\t\t\t<dt class='gallery-icon landscape'>\n\t\t\t\t<img decoding=\"async\" width=\"100\" height=\"31\" src=\"https:\/\/dunnsfamous.com\/wp-content\/uploads\/2023\/11\/Group-2.svg\" class=\"attachment-thumbnail size-thumbnail\" alt=\"\" \/>\n\t\t\t<\/dt><\/dl><dl class='gallery-item'>\n\t\t\t<dt class='gallery-icon landscape'>\n\t\t\t\t<img loading=\"lazy\" decoding=\"async\" width=\"150\" height=\"36\" src=\"https:\/\/dunnsfamous.com\/wp-content\/uploads\/2023\/11\/Group.svg\" class=\"attachment-thumbnail size-thumbnail\" alt=\"\" \/>\n\t\t\t<\/dt><\/dl><br style=\"clear: both\" \/>\n\t\t<\/div>\n\t\t<\/div>\n\t\t\t\t\t\t<\/div>\n\t\t\t\t<\/div>\n\t\t\t\t\t<\/div>\n\t\t<\/div>\n\t\t\t\t<div class=\"elementor-column elementor-col-50 elementor-inner-column elementor-element elementor-element-4dbef9d9\" data-id=\"4dbef9d9\" data-element_type=\"column\" data-e-type=\"column\">\n\t\t\t<div class=\"elementor-widget-wrap elementor-element-populated\">\n\t\t\t\t\t\t<div class=\"elementor-element elementor-element-fb24216 elementor-widget elementor-widget-image\" data-id=\"fb24216\" data-element_type=\"widget\" data-e-type=\"widget\" data-widget_type=\"image.default\">\n\t\t\t\t<div class=\"elementor-widget-container\">\n\t\t\t\t\t\t\t\t\t\t\t\t\t\t\t<img loading=\"lazy\" decoding=\"async\" width=\"2412\" height=\"2490\" src=\"https:\/\/dunnsfamous.com\/wp-content\/uploads\/2024\/10\/Product-Placements_Mustard-Traditional-1.png\" class=\"attachment-full size-full wp-image-4970\" alt=\"\" srcset=\"https:\/\/dunnsfamous.com\/wp-content\/uploads\/2024\/10\/Product-Placements_Mustard-Traditional-1.png 2412w, https:\/\/dunnsfamous.com\/wp-content\/uploads\/2024\/10\/Product-Placements_Mustard-Traditional-1-992x1024.png 992w, https:\/\/dunnsfamous.com\/wp-content\/uploads\/2024\/10\/Product-Placements_Mustard-Traditional-1-768x793.png 768w, https:\/\/dunnsfamous.com\/wp-content\/uploads\/2024\/10\/Product-Placements_Mustard-Traditional-1-1488x1536.png 1488w, https:\/\/dunnsfamous.com\/wp-content\/uploads\/2024\/10\/Product-Placements_Mustard-Traditional-1-1984x2048.png 1984w, https:\/\/dunnsfamous.com\/wp-content\/uploads\/2024\/10\/Product-Placements_Mustard-Traditional-1-12x12.png 12w\" sizes=\"(max-width: 2412px) 100vw, 2412px\" \/>\t\t\t\t\t\t\t\t\t\t\t\t\t\t\t<\/div>\n\t\t\t\t<\/div>\n\t\t\t\t\t<\/div>\n\t\t<\/div>\n\t\t\t\t\t<\/div>\n\t\t<\/section>\n\t\t\t\t\t<\/div>\n\t\t<\/div>\n\t\t\t\t\t<\/div>\n\t\t<\/section>\n\t\t\t\t<\/div>","protected":false},"excerpt":{"rendered":"<p>Rehaussez vos plats avec le go\u00fbt vif et raffin\u00e9 de la moutarde de Dijon de Dunn\u2019s. Pr\u00e9par\u00e9e avec des graines de moutarde de haute qualit\u00e9 cette moutarde onctueuse et savoureuse ajoute une touche audacieuse et acidul\u00e9e \u00e0 vos repas favoris des sandwiches aux sauces.<\/p>","protected":false},"featured_media":4970,"template":"","class_list":["post-4965","product","type-product","status-publish","has-post-thumbnail","hentry"],"acf":[],"yoast_head":"<!-- This site is optimized with the Yoast SEO plugin v27.3 - https:\/\/yoast.com\/product\/yoast-seo-wordpress\/ -->\n<title>Order Dijon Mustard \u2013 Smooth &amp; Bold Flavor |<\/title>\n<meta name=\"description\" content=\"Elevate your meals with Dunn\u2019s Dijon Mustard. Rich, tangy, and perfectly balanced for sandwiches and marinades. Order Now!\" \/>\n<meta name=\"robots\" content=\"index, follow, max-snippet:-1, max-image-preview:large, max-video-preview:-1\" \/>\n<link rel=\"canonical\" href=\"https:\/\/dunnsfamous.com\/fr\/product\/dunns-dijon-mustard\/\" \/>\n<meta property=\"og:locale\" content=\"fr_CA\" \/>\n<meta property=\"og:type\" content=\"article\" \/>\n<meta property=\"og:title\" content=\"Order Dijon Mustard \u2013 Smooth &amp; Bold Flavor |\" \/>\n<meta property=\"og:description\" content=\"Elevate your meals with Dunn\u2019s Dijon Mustard. Rich, tangy, and perfectly balanced for sandwiches and marinades. Order Now!\" \/>\n<meta property=\"og:url\" content=\"https:\/\/dunnsfamous.com\/fr\/product\/dunns-dijon-mustard\/\" \/>\n<meta property=\"og:site_name\" content=\"Dunns famous\" \/>\n<meta property=\"article:publisher\" content=\"https:\/\/www.facebook.com\/dunnsfamous\" \/>\n<meta property=\"article:modified_time\" content=\"2025-12-08T17:48:34+00:00\" \/>\n<meta property=\"og:image\" content=\"https:\/\/dunnsfamous.com\/wp-content\/uploads\/2024\/10\/Product-Placements_Mustard-Traditional-1.png\" \/>\n\t<meta property=\"og:image:width\" content=\"2412\" \/>\n\t<meta property=\"og:image:height\" content=\"2490\" \/>\n\t<meta property=\"og:image:type\" content=\"image\/png\" \/>\n<meta name=\"twitter:card\" content=\"summary_large_image\" \/>\n<meta name=\"twitter:label1\" content=\"Estimation du temps de lecture\" \/>\n\t<meta name=\"twitter:data1\" content=\"2 minutes\" \/>\n<script type=\"application\/ld+json\" class=\"yoast-schema-graph\">{\"@context\":\"https:\\\/\\\/schema.org\",\"@graph\":[{\"@type\":\"WebPage\",\"@id\":\"https:\\\/\\\/dunnsfamous.com\\\/product\\\/dunns-dijon-mustard\\\/\",\"url\":\"https:\\\/\\\/dunnsfamous.com\\\/product\\\/dunns-dijon-mustard\\\/\",\"name\":\"Order Dijon Mustard \u2013 Smooth & Bold Flavor |\",\"isPartOf\":{\"@id\":\"https:\\\/\\\/dunnsfamous.com\\\/#website\"},\"primaryImageOfPage\":{\"@id\":\"https:\\\/\\\/dunnsfamous.com\\\/product\\\/dunns-dijon-mustard\\\/#primaryimage\"},\"image\":{\"@id\":\"https:\\\/\\\/dunnsfamous.com\\\/product\\\/dunns-dijon-mustard\\\/#primaryimage\"},\"thumbnailUrl\":\"https:\\\/\\\/dunnsfamous.com\\\/wp-content\\\/uploads\\\/2024\\\/10\\\/Product-Placements_Mustard-Traditional-1.png\",\"datePublished\":\"2024-10-11T22:56:46+00:00\",\"dateModified\":\"2025-12-08T17:48:34+00:00\",\"description\":\"Elevate your meals with Dunn\u2019s Dijon Mustard. Rich, tangy, and perfectly balanced for sandwiches and marinades. Order Now!\",\"breadcrumb\":{\"@id\":\"https:\\\/\\\/dunnsfamous.com\\\/product\\\/dunns-dijon-mustard\\\/#breadcrumb\"},\"inLanguage\":\"fr-CA\",\"potentialAction\":[{\"@type\":\"ReadAction\",\"target\":[\"https:\\\/\\\/dunnsfamous.com\\\/product\\\/dunns-dijon-mustard\\\/\"]}]},{\"@type\":\"ImageObject\",\"inLanguage\":\"fr-CA\",\"@id\":\"https:\\\/\\\/dunnsfamous.com\\\/product\\\/dunns-dijon-mustard\\\/#primaryimage\",\"url\":\"https:\\\/\\\/dunnsfamous.com\\\/wp-content\\\/uploads\\\/2024\\\/10\\\/Product-Placements_Mustard-Traditional-1.png\",\"contentUrl\":\"https:\\\/\\\/dunnsfamous.com\\\/wp-content\\\/uploads\\\/2024\\\/10\\\/Product-Placements_Mustard-Traditional-1.png\",\"width\":2412,\"height\":2490},{\"@type\":\"BreadcrumbList\",\"@id\":\"https:\\\/\\\/dunnsfamous.com\\\/product\\\/dunns-dijon-mustard\\\/#breadcrumb\",\"itemListElement\":[{\"@type\":\"ListItem\",\"position\":1,\"name\":\"Home\",\"item\":\"https:\\\/\\\/dunnsfamous.com\\\/\"},{\"@type\":\"ListItem\",\"position\":2,\"name\":\"Dunn\u2019s Dijon Mustard\"}]},{\"@type\":\"WebSite\",\"@id\":\"https:\\\/\\\/dunnsfamous.com\\\/#website\",\"url\":\"https:\\\/\\\/dunnsfamous.com\\\/\",\"name\":\"Dunn's Famous\",\"description\":\"\",\"publisher\":{\"@id\":\"https:\\\/\\\/dunnsfamous.com\\\/#organization\"},\"potentialAction\":[{\"@type\":\"SearchAction\",\"target\":{\"@type\":\"EntryPoint\",\"urlTemplate\":\"https:\\\/\\\/dunnsfamous.com\\\/?s={search_term_string}\"},\"query-input\":{\"@type\":\"PropertyValueSpecification\",\"valueRequired\":true,\"valueName\":\"search_term_string\"}}],\"inLanguage\":\"fr-CA\"},{\"@type\":\"Organization\",\"@id\":\"https:\\\/\\\/dunnsfamous.com\\\/#organization\",\"name\":\"Dunn's Famous\",\"url\":\"https:\\\/\\\/dunnsfamous.com\\\/\",\"logo\":{\"@type\":\"ImageObject\",\"inLanguage\":\"fr-CA\",\"@id\":\"https:\\\/\\\/dunnsfamous.com\\\/#\\\/schema\\\/logo\\\/image\\\/\",\"url\":\"https:\\\/\\\/dunnsfamous.com\\\/wp-content\\\/uploads\\\/2023\\\/11\\\/Dunn_s_Logo_Black.svg\",\"contentUrl\":\"https:\\\/\\\/dunnsfamous.com\\\/wp-content\\\/uploads\\\/2023\\\/11\\\/Dunn_s_Logo_Black.svg\",\"width\":579,\"height\":308,\"caption\":\"Dunn's Famous\"},\"image\":{\"@id\":\"https:\\\/\\\/dunnsfamous.com\\\/#\\\/schema\\\/logo\\\/image\\\/\"},\"sameAs\":[\"https:\\\/\\\/www.facebook.com\\\/dunnsfamous\",\"https:\\\/\\\/www.tiktok.com\\\/@dunnsfamous\",\"https:\\\/\\\/g.co\\\/kgs\\\/edXhQPe\",\"https:\\\/\\\/www.yelp.com\\\/biz\\\/dunns-montreal\",\"https:\\\/\\\/www.instagram.com\\\/dunnsfamous\\\/\"]}]}<\/script>\n<!-- \/ Yoast SEO plugin. -->","yoast_head_json":{"title":"Order Dijon Mustard \u2013 Smooth & Bold Flavor |","description":"Rehaussez vos repas avec la moutarde de Dijon de Dunn\u2019s. Riche, relev\u00e9e et parfaitement \u00e9quilibr\u00e9e pour les sandwichs et marinades.","robots":{"index":"index","follow":"follow","max-snippet":"max-snippet:-1","max-image-preview":"max-image-preview:large","max-video-preview":"max-video-preview:-1"},"canonical":"https:\/\/dunnsfamous.com\/fr\/product\/dunns-dijon-mustard\/","og_locale":"fr_CA","og_type":"article","og_title":"Order Dijon Mustard \u2013 Smooth & Bold Flavor |","og_description":"Elevate your meals with Dunn\u2019s Dijon Mustard. Rich, tangy, and perfectly balanced for sandwiches and marinades. Order Now!","og_url":"https:\/\/dunnsfamous.com\/fr\/product\/dunns-dijon-mustard\/","og_site_name":"Dunns famous","article_publisher":"https:\/\/www.facebook.com\/dunnsfamous","article_modified_time":"2025-12-08T17:48:34+00:00","og_image":[{"width":2412,"height":2490,"url":"https:\/\/dunnsfamous.com\/wp-content\/uploads\/2024\/10\/Product-Placements_Mustard-Traditional-1.png","type":"image\/png"}],"twitter_card":"summary_large_image","twitter_misc":{"Estimation du temps de lecture":"2 minutes"},"schema":{"@context":"https:\/\/schema.org","@graph":[{"@type":"WebPage","@id":"https:\/\/dunnsfamous.com\/product\/dunns-dijon-mustard\/","url":"https:\/\/dunnsfamous.com\/product\/dunns-dijon-mustard\/","name":"Order Dijon Mustard \u2013 Smooth & Bold Flavor |","isPartOf":{"@id":"https:\/\/dunnsfamous.com\/#website"},"primaryImageOfPage":{"@id":"https:\/\/dunnsfamous.com\/product\/dunns-dijon-mustard\/#primaryimage"},"image":{"@id":"https:\/\/dunnsfamous.com\/product\/dunns-dijon-mustard\/#primaryimage"},"thumbnailUrl":"https:\/\/dunnsfamous.com\/wp-content\/uploads\/2024\/10\/Product-Placements_Mustard-Traditional-1.png","datePublished":"2024-10-11T22:56:46+00:00","dateModified":"2025-12-08T17:48:34+00:00","description":"Rehaussez vos repas avec la moutarde de Dijon de Dunn\u2019s. Riche, relev\u00e9e et parfaitement \u00e9quilibr\u00e9e pour les sandwichs et marinades.","breadcrumb":{"@id":"https:\/\/dunnsfamous.com\/product\/dunns-dijon-mustard\/#breadcrumb"},"inLanguage":"fr-CA","potentialAction":[{"@type":"ReadAction","target":["https:\/\/dunnsfamous.com\/product\/dunns-dijon-mustard\/"]}]},{"@type":"ImageObject","inLanguage":"fr-CA","@id":"https:\/\/dunnsfamous.com\/product\/dunns-dijon-mustard\/#primaryimage","url":"https:\/\/dunnsfamous.com\/wp-content\/uploads\/2024\/10\/Product-Placements_Mustard-Traditional-1.png","contentUrl":"https:\/\/dunnsfamous.com\/wp-content\/uploads\/2024\/10\/Product-Placements_Mustard-Traditional-1.png","width":2412,"height":2490},{"@type":"BreadcrumbList","@id":"https:\/\/dunnsfamous.com\/product\/dunns-dijon-mustard\/#breadcrumb","itemListElement":[{"@type":"ListItem","position":1,"name":"Home","item":"https:\/\/dunnsfamous.com\/"},{"@type":"ListItem","position":2,"name":"Dunn\u2019s Dijon Mustard"}]},{"@type":"WebSite","@id":"https:\/\/dunnsfamous.com\/#website","url":"https:\/\/dunnsfamous.com\/","name":"Dunn's Famous","description":"","publisher":{"@id":"https:\/\/dunnsfamous.com\/#organization"},"potentialAction":[{"@type":"SearchAction","target":{"@type":"EntryPoint","urlTemplate":"https:\/\/dunnsfamous.com\/?s={search_term_string}"},"query-input":{"@type":"PropertyValueSpecification","valueRequired":true,"valueName":"search_term_string"}}],"inLanguage":"fr-CA"},{"@type":"Organization","@id":"https:\/\/dunnsfamous.com\/#organization","name":"Dunn's Famous","url":"https:\/\/dunnsfamous.com\/","logo":{"@type":"ImageObject","inLanguage":"fr-CA","@id":"https:\/\/dunnsfamous.com\/#\/schema\/logo\/image\/","url":"https:\/\/dunnsfamous.com\/wp-content\/uploads\/2023\/11\/Dunn_s_Logo_Black.svg","contentUrl":"https:\/\/dunnsfamous.com\/wp-content\/uploads\/2023\/11\/Dunn_s_Logo_Black.svg","width":579,"height":308,"caption":"Dunn's Famous"},"image":{"@id":"https:\/\/dunnsfamous.com\/#\/schema\/logo\/image\/"},"sameAs":["https:\/\/www.facebook.com\/dunnsfamous","https:\/\/www.tiktok.com\/@dunnsfamous","https:\/\/g.co\/kgs\/edXhQPe","https:\/\/www.yelp.com\/biz\/dunns-montreal","https:\/\/www.instagram.com\/dunnsfamous\/"]}]}},"_links":{"self":[{"href":"https:\/\/dunnsfamous.com\/fr\/wp-json\/wp\/v2\/product\/4965","targetHints":{"allow":["GET"]}}],"collection":[{"href":"https:\/\/dunnsfamous.com\/fr\/wp-json\/wp\/v2\/product"}],"about":[{"href":"https:\/\/dunnsfamous.com\/fr\/wp-json\/wp\/v2\/types\/product"}],"version-history":[{"count":0,"href":"https:\/\/dunnsfamous.com\/fr\/wp-json\/wp\/v2\/product\/4965\/revisions"}],"wp:featuredmedia":[{"embeddable":true,"href":"https:\/\/dunnsfamous.com\/fr\/wp-json\/wp\/v2\/media\/4970"}],"wp:attachment":[{"href":"https:\/\/dunnsfamous.com\/fr\/wp-json\/wp\/v2\/media?parent=4965"}],"curies":[{"name":"wp","href":"https:\/\/api.w.org\/{rel}","templated":true}]}}