{"id":4986,"date":"2024-10-11T23:08:22","date_gmt":"2024-10-11T23:08:22","guid":{"rendered":"https:\/\/dunnsfamous.com\/?post_type=product&#038;p=4986"},"modified":"2025-02-14T17:51:55","modified_gmt":"2025-02-14T17:51:55","slug":"dunns-bbq-popcorn","status":"publish","type":"product","link":"https:\/\/dunnsfamous.com\/fr\/product\/dunns-bbq-popcorn\/","title":{"rendered":"Dunn&#8217;s BBQ Popcorn"},"content":{"rendered":"<div data-elementor-type=\"wp-post\" data-elementor-id=\"4986\" class=\"elementor elementor-4986\" data-elementor-post-type=\"product\">\n\t\t\t\t\t\t<section class=\"elementor-section elementor-top-section elementor-element elementor-element-71300dc elementor-section-boxed elementor-section-height-default elementor-section-height-default\" data-id=\"71300dc\" data-element_type=\"section\" data-e-type=\"section\" data-settings=\"{&quot;background_background&quot;:&quot;classic&quot;}\">\n\t\t\t\t\t\t<div class=\"elementor-container elementor-column-gap-default\">\n\t\t\t\t\t<div class=\"elementor-column elementor-col-100 elementor-top-column elementor-element elementor-element-32c298bd\" data-id=\"32c298bd\" data-element_type=\"column\" data-e-type=\"column\">\n\t\t\t<div class=\"elementor-widget-wrap elementor-element-populated\">\n\t\t\t\t\t\t<section class=\"elementor-section elementor-inner-section elementor-element elementor-element-2055ebd5 elementor-section-content-middle elementor-reverse-tablet elementor-reverse-mobile elementor-section-boxed elementor-section-height-default elementor-section-height-default\" data-id=\"2055ebd5\" data-element_type=\"section\" data-e-type=\"section\">\n\t\t\t\t\t\t<div class=\"elementor-container elementor-column-gap-default\">\n\t\t\t\t\t<div class=\"elementor-column elementor-col-50 elementor-inner-column elementor-element elementor-element-2663d313\" data-id=\"2663d313\" data-element_type=\"column\" data-e-type=\"column\">\n\t\t\t<div class=\"elementor-widget-wrap elementor-element-populated\">\n\t\t\t\t\t\t<div class=\"elementor-element elementor-element-68d03f7b elementor-widget-mobile__width-inherit elementor-invisible elementor-widget elementor-widget-heading\" data-id=\"68d03f7b\" data-element_type=\"widget\" data-e-type=\"widget\" data-settings=\"{&quot;_animation&quot;:&quot;fadeInUp&quot;}\" data-widget_type=\"heading.default\">\n\t\t\t\t<div class=\"elementor-widget-container\">\n\t\t\t\t\t<h4 class=\"elementor-heading-title elementor-size-default\">HISTOIRE EMBL\u00c9MATIQUE<\/h4>\t\t\t\t<\/div>\n\t\t\t\t<\/div>\n\t\t\t\t<div class=\"elementor-element elementor-element-44ed7c3b font-Headliner elementor-invisible elementor-widget elementor-widget-heading\" data-id=\"44ed7c3b\" data-element_type=\"widget\" data-e-type=\"widget\" data-settings=\"{&quot;_animation&quot;:&quot;fadeInUp&quot;,&quot;_animation_delay&quot;:400}\" data-widget_type=\"heading.default\">\n\t\t\t\t<div class=\"elementor-widget-container\">\n\t\t\t\t\t<h1 class=\"elementor-heading-title elementor-size-default\">Ma\u00efs souffl\u00e9 BBQ de Dunn\u2019s<\/h1>\t\t\t\t<\/div>\n\t\t\t\t<\/div>\n\t\t\t\t<div class=\"elementor-element elementor-element-31bd0af5 font-Headliner elementor-widget-mobile__width-inherit elementor-hidden-desktop elementor-hidden-tablet elementor-hidden-mobile elementor-invisible elementor-widget elementor-widget-heading\" data-id=\"31bd0af5\" data-element_type=\"widget\" data-e-type=\"widget\" data-settings=\"{&quot;_animation&quot;:&quot;fadeInUp&quot;,&quot;_animation_delay&quot;:400}\" data-widget_type=\"heading.default\">\n\t\t\t\t<div class=\"elementor-widget-container\">\n\t\t\t\t\t<h4 class=\"elementor-heading-title elementor-size-default\">$0<\/h4>\t\t\t\t<\/div>\n\t\t\t\t<\/div>\n\t\t\t\t<div class=\"elementor-element elementor-element-19652a9c elementor-widget__width-initial elementor-invisible elementor-widget elementor-widget-heading\" data-id=\"19652a9c\" data-element_type=\"widget\" data-e-type=\"widget\" data-settings=\"{&quot;_animation&quot;:&quot;fadeInUp&quot;,&quot;_animation_delay&quot;:800}\" data-widget_type=\"heading.default\">\n\t\t\t\t<div class=\"elementor-widget-container\">\n\t\t\t\t\t<p class=\"elementor-heading-title elementor-size-default\">Savourez le m\u00e9lange parfait de fum\u00e9 et de saveur avec le ma\u00efs souffl\u00e9 BBQ de Dunn\u2019s. Chaque grain l\u00e9ger est enrob\u00e9 d\u2019un assaisonnement barbecue riche offrant un croquant \u00e0 la fois l\u00e9ger et savoureux parfait pour une collation \u00e0 tout moment.<\/p>\t\t\t\t<\/div>\n\t\t\t\t<\/div>\n\t\t\t\t<div class=\"elementor-element elementor-element-4db0c093 elementor-widget__width-initial elementor-hidden-desktop elementor-hidden-tablet elementor-hidden-mobile elementor-invisible elementor-widget elementor-widget-heading\" data-id=\"4db0c093\" data-element_type=\"widget\" data-e-type=\"widget\" data-settings=\"{&quot;_animation&quot;:&quot;fadeInUp&quot;,&quot;_animation_delay&quot;:1200}\" data-widget_type=\"heading.default\">\n\t\t\t\t<div class=\"elementor-widget-container\">\n\t\t\t\t\t<p class=\"elementor-heading-title elementor-size-default\">Disponible chez :<\/p>\t\t\t\t<\/div>\n\t\t\t\t<\/div>\n\t\t\t\t<div class=\"elementor-element elementor-element-55e3f7c gallery-spacing-custom gGallert2 elementor-hidden-desktop elementor-hidden-tablet elementor-hidden-mobile elementor-widget elementor-widget-image-gallery\" data-id=\"55e3f7c\" data-element_type=\"widget\" data-e-type=\"widget\" data-widget_type=\"image-gallery.default\">\n\t\t\t\t<div class=\"elementor-widget-container\">\n\t\t\t\t\t\t\t<div class=\"elementor-image-gallery\">\n\t\t\t<div id='gallery-1' class='gallery galleryid-4986 gallery-columns-4 gallery-size-thumbnail'><dl class='gallery-item'>\n\t\t\t<dt class='gallery-icon landscape'>\n\t\t\t\t<img decoding=\"async\" width=\"150\" height=\"42\" src=\"https:\/\/dunnsfamous.com\/wp-content\/uploads\/2023\/11\/Group-1.svg\" class=\"attachment-thumbnail size-thumbnail\" alt=\"\" \/>\n\t\t\t<\/dt><\/dl><dl class='gallery-item'>\n\t\t\t<dt class='gallery-icon landscape'>\n\t\t\t\t<img decoding=\"async\" width=\"150\" height=\"33\" src=\"https:\/\/dunnsfamous.com\/wp-content\/uploads\/2023\/11\/Vector.svg\" class=\"attachment-thumbnail size-thumbnail\" alt=\"\" \/>\n\t\t\t<\/dt><\/dl><dl class='gallery-item'>\n\t\t\t<dt class='gallery-icon landscape'>\n\t\t\t\t<img decoding=\"async\" width=\"100\" height=\"31\" src=\"https:\/\/dunnsfamous.com\/wp-content\/uploads\/2023\/11\/Group-2.svg\" class=\"attachment-thumbnail size-thumbnail\" alt=\"\" \/>\n\t\t\t<\/dt><\/dl><dl class='gallery-item'>\n\t\t\t<dt class='gallery-icon landscape'>\n\t\t\t\t<img loading=\"lazy\" decoding=\"async\" width=\"150\" height=\"36\" src=\"https:\/\/dunnsfamous.com\/wp-content\/uploads\/2023\/11\/Group.svg\" class=\"attachment-thumbnail size-thumbnail\" alt=\"\" \/>\n\t\t\t<\/dt><\/dl><br style=\"clear: both\" \/>\n\t\t<\/div>\n\t\t<\/div>\n\t\t\t\t\t\t<\/div>\n\t\t\t\t<\/div>\n\t\t\t\t\t<\/div>\n\t\t<\/div>\n\t\t\t\t<div class=\"elementor-column elementor-col-50 elementor-inner-column elementor-element elementor-element-561d2514\" data-id=\"561d2514\" data-element_type=\"column\" data-e-type=\"column\">\n\t\t\t<div class=\"elementor-widget-wrap elementor-element-populated\">\n\t\t\t\t\t\t<div class=\"elementor-element elementor-element-b4db764 elementor-widget elementor-widget-image\" data-id=\"b4db764\" data-element_type=\"widget\" data-e-type=\"widget\" data-widget_type=\"image.default\">\n\t\t\t\t<div class=\"elementor-widget-container\">\n\t\t\t\t\t\t\t\t\t\t\t\t\t\t\t<img loading=\"lazy\" decoding=\"async\" width=\"2560\" height=\"2592\" src=\"https:\/\/dunnsfamous.com\/wp-content\/uploads\/2024\/10\/DUNNS_PACKAGING_POPCORN_BBQ_02-min.png\" class=\"attachment-full size-full wp-image-4988\" alt=\"\" srcset=\"https:\/\/dunnsfamous.com\/wp-content\/uploads\/2024\/10\/DUNNS_PACKAGING_POPCORN_BBQ_02-min.png 2560w, https:\/\/dunnsfamous.com\/wp-content\/uploads\/2024\/10\/DUNNS_PACKAGING_POPCORN_BBQ_02-min-1012x1024.png 1012w, https:\/\/dunnsfamous.com\/wp-content\/uploads\/2024\/10\/DUNNS_PACKAGING_POPCORN_BBQ_02-min-768x777.png 768w, https:\/\/dunnsfamous.com\/wp-content\/uploads\/2024\/10\/DUNNS_PACKAGING_POPCORN_BBQ_02-min-1517x1536.png 1517w, https:\/\/dunnsfamous.com\/wp-content\/uploads\/2024\/10\/DUNNS_PACKAGING_POPCORN_BBQ_02-min-2023x2048.png 2023w, https:\/\/dunnsfamous.com\/wp-content\/uploads\/2024\/10\/DUNNS_PACKAGING_POPCORN_BBQ_02-min-12x12.png 12w\" sizes=\"(max-width: 2560px) 100vw, 2560px\" \/>\t\t\t\t\t\t\t\t\t\t\t\t\t\t\t<\/div>\n\t\t\t\t<\/div>\n\t\t\t\t\t<\/div>\n\t\t<\/div>\n\t\t\t\t\t<\/div>\n\t\t<\/section>\n\t\t\t\t\t<\/div>\n\t\t<\/div>\n\t\t\t\t\t<\/div>\n\t\t<\/section>\n\t\t\t\t<\/div>","protected":false},"excerpt":{"rendered":"<p>Enjoy the perfect blend of smoky and savory with Dunn&#8217;s BBQ Popcorn. Each fluffy kernel is coated with a rich barbeque seasoning, delivering a light yet flavorful crunch that\u2019s perfect for snacking anytime.<\/p>","protected":false},"featured_media":4988,"template":"","class_list":["post-4986","product","type-product","status-publish","has-post-thumbnail","hentry"],"acf":[],"yoast_head":"<!-- This site is optimized with the Yoast SEO plugin v27.4 - https:\/\/yoast.com\/product\/yoast-seo-wordpress\/ -->\n<title>Dunn\u2019s BBQ Popcorn \u2013 Smoky &amp; Savory Snack<\/title>\n<meta name=\"description\" content=\"Satisfy your cravings with Dunn\u2019s BBQ Popcorn. Light, crunchy, and bursting with bold barbecue flavor. Order Now!\" \/>\n<meta name=\"robots\" content=\"index, follow, max-snippet:-1, max-image-preview:large, max-video-preview:-1\" \/>\n<link rel=\"canonical\" href=\"https:\/\/dunnsfamous.com\/fr\/product\/dunns-bbq-popcorn\/\" \/>\n<meta property=\"og:locale\" content=\"fr_CA\" \/>\n<meta property=\"og:type\" content=\"article\" \/>\n<meta property=\"og:title\" content=\"Dunn\u2019s BBQ Popcorn \u2013 Smoky &amp; Savory Snack\" \/>\n<meta property=\"og:description\" content=\"Satisfy your cravings with Dunn\u2019s BBQ Popcorn. Light, crunchy, and bursting with bold barbecue flavor. Order Now!\" \/>\n<meta property=\"og:url\" content=\"https:\/\/dunnsfamous.com\/fr\/product\/dunns-bbq-popcorn\/\" \/>\n<meta property=\"og:site_name\" content=\"Dunns famous\" \/>\n<meta property=\"article:publisher\" content=\"https:\/\/www.facebook.com\/dunnsfamous\" \/>\n<meta property=\"article:modified_time\" content=\"2025-02-14T17:51:55+00:00\" \/>\n<meta property=\"og:image\" content=\"https:\/\/dunnsfamous.com\/wp-content\/uploads\/2024\/10\/DUNNS_PACKAGING_POPCORN_BBQ_02-min-1012x1024.png\" \/>\n\t<meta property=\"og:image:width\" content=\"1012\" \/>\n\t<meta property=\"og:image:height\" content=\"1024\" \/>\n\t<meta property=\"og:image:type\" content=\"image\/png\" \/>\n<meta name=\"twitter:card\" content=\"summary_large_image\" \/>\n<meta name=\"twitter:label1\" content=\"Estimation du temps de lecture\" \/>\n\t<meta name=\"twitter:data1\" content=\"2 minutes\" \/>\n<script type=\"application\/ld+json\" class=\"yoast-schema-graph\">{\"@context\":\"https:\\\/\\\/schema.org\",\"@graph\":[{\"@type\":\"WebPage\",\"@id\":\"https:\\\/\\\/dunnsfamous.com\\\/product\\\/dunns-bbq-popcorn\\\/\",\"url\":\"https:\\\/\\\/dunnsfamous.com\\\/product\\\/dunns-bbq-popcorn\\\/\",\"name\":\"Dunn\u2019s BBQ Popcorn \u2013 Smoky & Savory Snack\",\"isPartOf\":{\"@id\":\"https:\\\/\\\/dunnsfamous.com\\\/#website\"},\"primaryImageOfPage\":{\"@id\":\"https:\\\/\\\/dunnsfamous.com\\\/product\\\/dunns-bbq-popcorn\\\/#primaryimage\"},\"image\":{\"@id\":\"https:\\\/\\\/dunnsfamous.com\\\/product\\\/dunns-bbq-popcorn\\\/#primaryimage\"},\"thumbnailUrl\":\"https:\\\/\\\/dunnsfamous.com\\\/wp-content\\\/uploads\\\/2024\\\/10\\\/DUNNS_PACKAGING_POPCORN_BBQ_02-min.png\",\"datePublished\":\"2024-10-11T23:08:22+00:00\",\"dateModified\":\"2025-02-14T17:51:55+00:00\",\"description\":\"Satisfy your cravings with Dunn\u2019s BBQ Popcorn. Light, crunchy, and bursting with bold barbecue flavor. Order Now!\",\"breadcrumb\":{\"@id\":\"https:\\\/\\\/dunnsfamous.com\\\/product\\\/dunns-bbq-popcorn\\\/#breadcrumb\"},\"inLanguage\":\"fr-CA\",\"potentialAction\":[{\"@type\":\"ReadAction\",\"target\":[\"https:\\\/\\\/dunnsfamous.com\\\/product\\\/dunns-bbq-popcorn\\\/\"]}]},{\"@type\":\"ImageObject\",\"inLanguage\":\"fr-CA\",\"@id\":\"https:\\\/\\\/dunnsfamous.com\\\/product\\\/dunns-bbq-popcorn\\\/#primaryimage\",\"url\":\"https:\\\/\\\/dunnsfamous.com\\\/wp-content\\\/uploads\\\/2024\\\/10\\\/DUNNS_PACKAGING_POPCORN_BBQ_02-min.png\",\"contentUrl\":\"https:\\\/\\\/dunnsfamous.com\\\/wp-content\\\/uploads\\\/2024\\\/10\\\/DUNNS_PACKAGING_POPCORN_BBQ_02-min.png\",\"width\":2560,\"height\":2592},{\"@type\":\"BreadcrumbList\",\"@id\":\"https:\\\/\\\/dunnsfamous.com\\\/product\\\/dunns-bbq-popcorn\\\/#breadcrumb\",\"itemListElement\":[{\"@type\":\"ListItem\",\"position\":1,\"name\":\"Home\",\"item\":\"https:\\\/\\\/dunnsfamous.com\\\/\"},{\"@type\":\"ListItem\",\"position\":2,\"name\":\"Dunn&#8217;s BBQ Popcorn\"}]},{\"@type\":\"WebSite\",\"@id\":\"https:\\\/\\\/dunnsfamous.com\\\/#website\",\"url\":\"https:\\\/\\\/dunnsfamous.com\\\/\",\"name\":\"Dunn's Famous\",\"description\":\"\",\"publisher\":{\"@id\":\"https:\\\/\\\/dunnsfamous.com\\\/#organization\"},\"potentialAction\":[{\"@type\":\"SearchAction\",\"target\":{\"@type\":\"EntryPoint\",\"urlTemplate\":\"https:\\\/\\\/dunnsfamous.com\\\/?s={search_term_string}\"},\"query-input\":{\"@type\":\"PropertyValueSpecification\",\"valueRequired\":true,\"valueName\":\"search_term_string\"}}],\"inLanguage\":\"fr-CA\"},{\"@type\":\"Organization\",\"@id\":\"https:\\\/\\\/dunnsfamous.com\\\/#organization\",\"name\":\"Dunn's Famous\",\"url\":\"https:\\\/\\\/dunnsfamous.com\\\/\",\"logo\":{\"@type\":\"ImageObject\",\"inLanguage\":\"fr-CA\",\"@id\":\"https:\\\/\\\/dunnsfamous.com\\\/#\\\/schema\\\/logo\\\/image\\\/\",\"url\":\"https:\\\/\\\/dunnsfamous.com\\\/wp-content\\\/uploads\\\/2023\\\/11\\\/Dunn_s_Logo_Black.svg\",\"contentUrl\":\"https:\\\/\\\/dunnsfamous.com\\\/wp-content\\\/uploads\\\/2023\\\/11\\\/Dunn_s_Logo_Black.svg\",\"width\":579,\"height\":308,\"caption\":\"Dunn's Famous\"},\"image\":{\"@id\":\"https:\\\/\\\/dunnsfamous.com\\\/#\\\/schema\\\/logo\\\/image\\\/\"},\"sameAs\":[\"https:\\\/\\\/www.facebook.com\\\/dunnsfamous\",\"https:\\\/\\\/www.tiktok.com\\\/@dunnsfamous\",\"https:\\\/\\\/g.co\\\/kgs\\\/edXhQPe\",\"https:\\\/\\\/www.yelp.com\\\/biz\\\/dunns-montreal\",\"https:\\\/\\\/www.instagram.com\\\/dunnsfamous\\\/\"]}]}<\/script>\n<!-- \/ Yoast SEO plugin. -->","yoast_head_json":{"title":"Dunn\u2019s BBQ Popcorn \u2013 Smoky & Savory Snack","description":"Satisfaites vos envies avec le ma\u00efs souffl\u00e9 BBQ de Dunn\u2019s. L\u00e9ger, croquant et rempli d\u2019une savoureuse saveur barbecue.","robots":{"index":"index","follow":"follow","max-snippet":"max-snippet:-1","max-image-preview":"max-image-preview:large","max-video-preview":"max-video-preview:-1"},"canonical":"https:\/\/dunnsfamous.com\/fr\/product\/dunns-bbq-popcorn\/","og_locale":"fr_CA","og_type":"article","og_title":"Dunn\u2019s BBQ Popcorn \u2013 Smoky & Savory Snack","og_description":"Satisfy your cravings with Dunn\u2019s BBQ Popcorn. Light, crunchy, and bursting with bold barbecue flavor. Order Now!","og_url":"https:\/\/dunnsfamous.com\/fr\/product\/dunns-bbq-popcorn\/","og_site_name":"Dunns famous","article_publisher":"https:\/\/www.facebook.com\/dunnsfamous","article_modified_time":"2025-02-14T17:51:55+00:00","og_image":[{"width":1012,"height":1024,"url":"https:\/\/dunnsfamous.com\/wp-content\/uploads\/2024\/10\/DUNNS_PACKAGING_POPCORN_BBQ_02-min-1012x1024.png","type":"image\/png"}],"twitter_card":"summary_large_image","twitter_misc":{"Estimation du temps de lecture":"2 minutes"},"schema":{"@context":"https:\/\/schema.org","@graph":[{"@type":"WebPage","@id":"https:\/\/dunnsfamous.com\/product\/dunns-bbq-popcorn\/","url":"https:\/\/dunnsfamous.com\/product\/dunns-bbq-popcorn\/","name":"Dunn\u2019s BBQ Popcorn \u2013 Smoky & Savory Snack","isPartOf":{"@id":"https:\/\/dunnsfamous.com\/#website"},"primaryImageOfPage":{"@id":"https:\/\/dunnsfamous.com\/product\/dunns-bbq-popcorn\/#primaryimage"},"image":{"@id":"https:\/\/dunnsfamous.com\/product\/dunns-bbq-popcorn\/#primaryimage"},"thumbnailUrl":"https:\/\/dunnsfamous.com\/wp-content\/uploads\/2024\/10\/DUNNS_PACKAGING_POPCORN_BBQ_02-min.png","datePublished":"2024-10-11T23:08:22+00:00","dateModified":"2025-02-14T17:51:55+00:00","description":"Satisfaites vos envies avec le ma\u00efs souffl\u00e9 BBQ de Dunn\u2019s. L\u00e9ger, croquant et rempli d\u2019une savoureuse saveur barbecue.","breadcrumb":{"@id":"https:\/\/dunnsfamous.com\/product\/dunns-bbq-popcorn\/#breadcrumb"},"inLanguage":"fr-CA","potentialAction":[{"@type":"ReadAction","target":["https:\/\/dunnsfamous.com\/product\/dunns-bbq-popcorn\/"]}]},{"@type":"ImageObject","inLanguage":"fr-CA","@id":"https:\/\/dunnsfamous.com\/product\/dunns-bbq-popcorn\/#primaryimage","url":"https:\/\/dunnsfamous.com\/wp-content\/uploads\/2024\/10\/DUNNS_PACKAGING_POPCORN_BBQ_02-min.png","contentUrl":"https:\/\/dunnsfamous.com\/wp-content\/uploads\/2024\/10\/DUNNS_PACKAGING_POPCORN_BBQ_02-min.png","width":2560,"height":2592},{"@type":"BreadcrumbList","@id":"https:\/\/dunnsfamous.com\/product\/dunns-bbq-popcorn\/#breadcrumb","itemListElement":[{"@type":"ListItem","position":1,"name":"Home","item":"https:\/\/dunnsfamous.com\/"},{"@type":"ListItem","position":2,"name":"Dunn&#8217;s BBQ Popcorn"}]},{"@type":"WebSite","@id":"https:\/\/dunnsfamous.com\/#website","url":"https:\/\/dunnsfamous.com\/","name":"Dunn's Famous","description":"","publisher":{"@id":"https:\/\/dunnsfamous.com\/#organization"},"potentialAction":[{"@type":"SearchAction","target":{"@type":"EntryPoint","urlTemplate":"https:\/\/dunnsfamous.com\/?s={search_term_string}"},"query-input":{"@type":"PropertyValueSpecification","valueRequired":true,"valueName":"search_term_string"}}],"inLanguage":"fr-CA"},{"@type":"Organization","@id":"https:\/\/dunnsfamous.com\/#organization","name":"Dunn's Famous","url":"https:\/\/dunnsfamous.com\/","logo":{"@type":"ImageObject","inLanguage":"fr-CA","@id":"https:\/\/dunnsfamous.com\/#\/schema\/logo\/image\/","url":"https:\/\/dunnsfamous.com\/wp-content\/uploads\/2023\/11\/Dunn_s_Logo_Black.svg","contentUrl":"https:\/\/dunnsfamous.com\/wp-content\/uploads\/2023\/11\/Dunn_s_Logo_Black.svg","width":579,"height":308,"caption":"Dunn's Famous"},"image":{"@id":"https:\/\/dunnsfamous.com\/#\/schema\/logo\/image\/"},"sameAs":["https:\/\/www.facebook.com\/dunnsfamous","https:\/\/www.tiktok.com\/@dunnsfamous","https:\/\/g.co\/kgs\/edXhQPe","https:\/\/www.yelp.com\/biz\/dunns-montreal","https:\/\/www.instagram.com\/dunnsfamous\/"]}]}},"_links":{"self":[{"href":"https:\/\/dunnsfamous.com\/fr\/wp-json\/wp\/v2\/product\/4986","targetHints":{"allow":["GET"]}}],"collection":[{"href":"https:\/\/dunnsfamous.com\/fr\/wp-json\/wp\/v2\/product"}],"about":[{"href":"https:\/\/dunnsfamous.com\/fr\/wp-json\/wp\/v2\/types\/product"}],"version-history":[{"count":0,"href":"https:\/\/dunnsfamous.com\/fr\/wp-json\/wp\/v2\/product\/4986\/revisions"}],"wp:featuredmedia":[{"embeddable":true,"href":"https:\/\/dunnsfamous.com\/fr\/wp-json\/wp\/v2\/media\/4988"}],"wp:attachment":[{"href":"https:\/\/dunnsfamous.com\/fr\/wp-json\/wp\/v2\/media?parent=4986"}],"curies":[{"name":"wp","href":"https:\/\/api.w.org\/{rel}","templated":true}]}}